{"id":1151,"date":"2019-10-21T13:09:01","date_gmt":"2019-10-21T10:09:01","guid":{"rendered":"https:\/\/hewsaw.com\/tyopaikat"},"modified":"2022-03-04T11:51:39","modified_gmt":"2022-03-04T09:51:39","slug":"tyopaikat","status":"publish","type":"page","link":"https:\/\/hewsaw.com\/ru\/tyopaikat","title":{"rendered":"Ty\u00f6paikat"},"content":{"rendered":"[vc_row type=&#187;full_width_content&#187; full_screen_row_position=&#187;middle&#187; column_margin=&#187;default&#187; equal_height=&#187;yes&#187; content_placement=&#187;middle&#187; column_direction=&#187;default&#187; column_direction_tablet=&#187;default&#187; column_direction_phone=&#187;default&#187; scene_position=&#187;center&#187; text_color=&#187;light&#187; text_align=&#187;left&#187; row_border_radius=&#187;none&#187; row_border_radius_applies=&#187;bg&#187; overlay_strength=&#187;0.3&#8243; gradient_direction=&#187;left_to_right&#187; shape_divider_position=&#187;bottom&#187; bg_image_animation=&#187;none&#187; shape_type=&#187;&#187;][vc_column column_padding=&#187;padding-10-percent&#187; column_padding_tablet=&#187;inherit&#187; column_padding_phone=&#187;inherit&#187; column_padding_position=&#187;top-bottom&#187; column_element_spacing=&#187;default&#187; centered_text=&#187;true&#187; background_color=&#187;#000000&#8243; background_color_opacity=&#187;0.2&#8243; background_hover_color_opacity=&#187;1&#8243; background_image=&#187;861&#8243; background_image_position=&#187;center center&#187; enable_bg_scale=&#187;true&#187; background_image_loading=&#187;default&#187; font_color=&#187;#ffffff&#187; column_shadow=&#187;none&#187; column_border_radius=&#187;none&#187; column_link_target=&#187;_self&#187; el_class=&#187;slogan&#187; gradient_direction=&#187;left_to_right&#187; overlay_strength=&#187;0.3&#8243; width=&#187;1\/1&#8243; tablet_width_inherit=&#187;default&#187; tablet_text_alignment=&#187;default&#187; phone_text_alignment=&#187;default&#187; bg_image_animation=&#187;none&#187; enable_animation=&#187;true&#187; animation=&#187;grow-in&#187; border_type=&#187;simple&#187; column_border_width=&#187;none&#187; column_border_style=&#187;solid&#187;][nectar_animated_title heading_tag=&#187;h3&#8243; style=&#187;color-strip-reveal&#187; color=&#187;Accent-Color&#187; text=&#187;Choose the Original \u2013 HewSaw Grey&#187;][vc_custom_heading text=&#187;Ty\u00f6paikat&#187; font_container=&#187;tag:h1|text_align:center|color:%23ffffff&#187; use_theme_fonts=&#187;yes&#187; css=&#187;.vc_custom_1571652465827{padding-right: 15% !important;padding-left: 15% !important;}&#187;][\/vc_column][\/vc_row][vc_row type=&#187;in_container&#187; full_screen_row_position=&#187;middle&#187; column_margin=&#187;default&#187; column_direction=&#187;default&#187; column_direction_tablet=&#187;default&#187; column_direction_phone=&#187;default&#187; scene_position=&#187;center&#187; top_padding=&#187;4%&#187; bottom_padding=&#187;4%&#187; text_color=&#187;dark&#187; text_align=&#187;left&#187; row_border_radius=&#187;none&#187; row_border_radius_applies=&#187;bg&#187; overlay_strength=&#187;0.3&#8243; gradient_direction=&#187;left_to_right&#187; shape_divider_position=&#187;bottom&#187; bg_image_animation=&#187;none&#187; shape_type=&#187;&#187;][vc_column column_padding=&#187;no-extra-padding&#187; column_padding_tablet=&#187;inherit&#187; column_padding_phone=&#187;inherit&#187; column_padding_position=&#187;all&#187; column_element_spacing=&#187;default&#187; background_color_opacity=&#187;1&#8243; background_hover_color_opacity=&#187;1&#8243; column_shadow=&#187;none&#187; column_border_radius=&#187;none&#187; column_link_target=&#187;_self&#187; gradient_direction=&#187;left_to_right&#187; overlay_strength=&#187;0.3&#8243; width=&#187;1\/1&#8243; tablet_width_inherit=&#187;default&#187; tablet_text_alignment=&#187;default&#187; phone_text_alignment=&#187;default&#187; bg_image_animation=&#187;none&#187; border_type=&#187;simple&#187; column_border_width=&#187;none&#187; column_border_style=&#187;solid&#187;][vc_row_inner column_margin=&#187;default&#187; column_direction=&#187;default&#187; column_direction_tablet=&#187;default&#187; column_direction_phone=&#187;default&#187; text_align=&#187;left&#187;][vc_column_inner column_padding=&#187;no-extra-padding&#187; column_padding_tablet=&#187;inherit&#187; column_padding_phone=&#187;inherit&#187; column_padding_position=&#187;all&#187; column_element_spacing=&#187;default&#187; background_color_opacity=&#187;1&#8243; background_hover_color_opacity=&#187;1&#8243; column_shadow=&#187;none&#187; column_border_radius=&#187;none&#187; column_link_target=&#187;_self&#187; gradient_direction=&#187;left_to_right&#187; overlay_strength=&#187;0.3&#8243; width=&#187;1\/1&#8243; tablet_width_inherit=&#187;default&#187; bg_image_animation=&#187;none&#187; border_type=&#187;simple&#187; column_border_width=&#187;none&#187; column_border_style=&#187;solid&#187;][vc_custom_heading text=&#187;Kansainv\u00e4linen huippuosaajien ty\u00f6paikka J\u00e4rvi-Suomessa&#187; font_container=&#187;tag:h2|text_align:center|color:%23706f6f&#187; use_theme_fonts=&#187;yes&#187; css_animation=&#187;fadeInLeft&#187;][divider line_type=&#187;No Line&#187;][vc_custom_heading text=&#187;Veisto Oy on kahdeksassa maassa toimiva sahakoneiden valmistaja, joka yhdist\u00e4\u00e4 huipputeknologian pitk\u00e4\u00e4n puunk\u00e4sittelyn traditioon. Tarjoamme mahdollisuuden ty\u00f6skennell\u00e4 muun muassa robotiikan, automaation ja virtuaaliteknologian parissa.&#187; font_container=&#187;tag:h3|font_size:20|text_align:center|color:%23706f6f|line_height:30px&#187; use_theme_fonts=&#187;yes&#187; css_animation=&#187;fadeInLeft&#187;][\/vc_column_inner][\/vc_row_inner][vc_row_inner column_margin=&#187;default&#187; column_direction=&#187;default&#187; column_direction_tablet=&#187;default&#187; column_direction_phone=&#187;default&#187; text_align=&#187;left&#187;][vc_column_inner column_padding=&#187;no-extra-padding&#187; column_padding_tablet=&#187;inherit&#187; column_padding_phone=&#187;inherit&#187; column_padding_position=&#187;all&#187; column_element_spacing=&#187;default&#187; background_color_opacity=&#187;1&#8243; background_hover_color_opacity=&#187;1&#8243; column_shadow=&#187;none&#187; column_border_radius=&#187;none&#187; column_link_target=&#187;_self&#187; gradient_direction=&#187;left_to_right&#187; overlay_strength=&#187;0.3&#8243; width=&#187;1\/3&#8243; tablet_width_inherit=&#187;default&#187; bg_image_animation=&#187;none&#187; enable_animation=&#187;true&#187; animation=&#187;fade-in-from-left&#187; border_type=&#187;simple&#187; column_border_width=&#187;none&#187; column_border_style=&#187;solid&#187;]<div class=\"nectar-fancy-ul\" data-list-icon=\"none\" data-animation=\"false\" data-animation-delay=\"0\" data-color=\"accent-color\" data-spacing=\"default\" data-alignment=\"left\"> \n<ul>\n<li>Henkil\u00f6st\u00f6llemme ovat ovet auki my\u00f6s maailmalle, sill\u00e4 olemme toimittaneet koneita kuuteen maanosaan. Siksi etenkin huoltoteht\u00e4viss\u00e4 toimivat henkil\u00f6t ty\u00f6skentelev\u00e4t eritt\u00e4in kansainv\u00e4lisess\u00e4 ymp\u00e4rist\u00f6ss\u00e4. Omia toimipisteit\u00e4mme l\u00f6ytyy kahdeksasta maasta.<\/li>\n<\/ul>\n <\/div>[\/vc_column_inner][vc_column_inner column_padding=&#187;no-extra-padding&#187; column_padding_tablet=&#187;inherit&#187; column_padding_phone=&#187;inherit&#187; column_padding_position=&#187;all&#187; column_element_spacing=&#187;default&#187; background_color_opacity=&#187;1&#8243; background_hover_color_opacity=&#187;1&#8243; column_shadow=&#187;none&#187; column_border_radius=&#187;none&#187; column_link_target=&#187;_self&#187; gradient_direction=&#187;left_to_right&#187; overlay_strength=&#187;0.3&#8243; width=&#187;1\/3&#8243; tablet_width_inherit=&#187;default&#187; bg_image_animation=&#187;none&#187; enable_animation=&#187;true&#187; animation=&#187;fade-in-from-left&#187; border_type=&#187;simple&#187; column_border_width=&#187;none&#187; column_border_style=&#187;solid&#187;]<div class=\"nectar-fancy-ul\" data-list-icon=\"none\" data-animation=\"false\" data-animation-delay=\"0\" data-color=\"accent-color\" data-spacing=\"default\" data-alignment=\"left\"> \n<ul>\n<li>Olemme investoineet viime vuosina merkitt\u00e4v\u00e4sti ty\u00f6ymp\u00e4rist\u00f6\u00f6mme. Esimerkiksi tuotannossa yhti\u00f6ll\u00e4mme on menossa Sahakonetehdas 2020-ohjelma, joka on tuonut tehtaille lis\u00e4\u00e4 automaatiota ja huippulaadukkaita ty\u00f6st\u00f6keskuksia. Kehitysty\u00f6 on parantanut tehokkuuden lis\u00e4ksi ty\u00f6turvallisuutta ja viihtyvyytt\u00e4. Hyv\u00e4st\u00e4 ty\u00f6ymp\u00e4rist\u00f6st\u00e4 kertoo sekin, ett\u00e4 henkil\u00f6t ovat ty\u00f6skennelleet Veistolla l\u00e4hes 30 vuotta.<\/li>\n<\/ul>\n <\/div>[\/vc_column_inner][vc_column_inner column_padding=&#187;no-extra-padding&#187; column_padding_tablet=&#187;inherit&#187; column_padding_phone=&#187;inherit&#187; column_padding_position=&#187;all&#187; column_element_spacing=&#187;default&#187; background_color_opacity=&#187;1&#8243; background_hover_color_opacity=&#187;1&#8243; column_shadow=&#187;none&#187; column_border_radius=&#187;none&#187; column_link_target=&#187;_self&#187; gradient_direction=&#187;left_to_right&#187; overlay_strength=&#187;0.3&#8243; width=&#187;1\/3&#8243; tablet_width_inherit=&#187;default&#187; bg_image_animation=&#187;none&#187; enable_animation=&#187;true&#187; animation=&#187;fade-in-from-left&#187; border_type=&#187;simple&#187; column_border_width=&#187;none&#187; column_border_style=&#187;solid&#187;]<div class=\"nectar-fancy-ul\" data-list-icon=\"none\" data-animation=\"false\" data-animation-delay=\"0\" data-color=\"accent-color\" data-spacing=\"default\" data-alignment=\"left\"> \n<ul>\n<li>Nuorille tarjoamme mielell\u00e4mme mahdollisuuksia oppilaist\u00f6ihin, harjoituspaikkoihin sek\u00e4 TET-harjoitteluun. Opiskelijayhteisty\u00f6st\u00e4 meill\u00e4 kertoo lis\u00e4\u00e4 henkil\u00f6st\u00f6johtajamme Tommi H\u00e4m\u00e4l\u00e4inen: tommi.hamalainen@veisto.com.<\/li>\n<\/ul>\n <\/div>[\/vc_column_inner][\/vc_row_inner][\/vc_column][\/vc_row][vc_row type=&#187;full_width_background&#187; full_screen_row_position=&#187;middle&#187; column_margin=&#187;default&#187; equal_height=&#187;yes&#187; column_direction=&#187;default&#187; column_direction_tablet=&#187;default&#187; column_direction_phone=&#187;default&#187; scene_position=&#187;center&#187; top_padding=&#187;0%&#187; bottom_padding=&#187;4%&#187; text_color=&#187;dark&#187; text_align=&#187;left&#187; row_border_radius=&#187;none&#187; row_border_radius_applies=&#187;bg&#187; overlay_strength=&#187;0.3&#8243; gradient_direction=&#187;left_to_right&#187; shape_divider_position=&#187;bottom&#187; bg_image_animation=&#187;none&#187; shape_type=&#187;&#187;][vc_column column_padding=&#187;padding-1-percent&#187; column_padding_tablet=&#187;inherit&#187; column_padding_phone=&#187;inherit&#187; column_padding_position=&#187;all&#187; column_element_spacing=&#187;default&#187; background_color_opacity=&#187;1&#8243; background_hover_color_opacity=&#187;1&#8243; column_shadow=&#187;none&#187; column_border_radius=&#187;none&#187; column_link_target=&#187;_self&#187; gradient_direction=&#187;left_to_right&#187; overlay_strength=&#187;0.3&#8243; width=&#187;1\/1&#8243; tablet_width_inherit=&#187;default&#187; tablet_text_alignment=&#187;default&#187; phone_text_alignment=&#187;default&#187; bg_image_animation=&#187;none&#187; border_type=&#187;simple&#187; column_border_width=&#187;none&#187; column_border_style=&#187;solid&#187;][vc_custom_heading text=&#187;Avoimet ty\u00f6paikat&#187; font_container=&#187;tag:h2|text_align:center|color:%23706f6f&#187; use_theme_fonts=&#187;yes&#187; css_animation=&#187;fadeInLeft&#187;][divider line_type=&#187;No Line&#187; custom_height=&#187;80&#8243;][vc_column_text]<script type=\"text\/javascript\" src=\"https:\/\/web103.reachmee.com\/customerjs\/I019-1280-6.js\"><\/script>[\/vc_column_text][\/vc_column][\/vc_row]\n","protected":false},"excerpt":{"rendered":"<p>[vc_row type=&#187;full_width_content&#187; full_screen_row_position=&#187;middle&#187; column_margin=&#187;default&#187; equal_height=&#187;yes&#187; content_placement=&#187;middle&#187; column_direction=&#187;default&#187; column_direction_tablet=&#187;default&#187; column_direction_phone=&#187;default&#187; scene_position=&#187;center&#187; text_color=&#187;light&#187; text_align=&#187;left&#187; row_border_radius=&#187;none&#187; row_border_radius_applies=&#187;bg&#187; overlay_strength=&#187;0.3&#8243; gradient_direction=&#187;left_to_right&#187; shape_divider_position=&#187;bottom&#187; bg_image_animation=&#187;none&#187; shape_type=&#187;&#187;][vc_column column_padding=&#187;padding-10-percent&#187; column_padding_tablet=&#187;inherit&#187; column_padding_phone=&#187;inherit&#187; column_padding_position=&#187;top-bottom&#187; column_element_spacing=&#187;default&#187; centered_text=&#187;true&#187; background_color=&#187;#000000&#8243; background_color_opacity=&#187;0.2&#8243; background_hover_color_opacity=&#187;1&#8243; background_image=&#187;861&#8243; background_image_position=&#187;center&#8230;<\/p>\n","protected":false},"author":1,"featured_media":4260,"parent":0,"menu_order":58,"comment_status":"closed","ping_status":"closed","template":"","meta":{"footnotes":"","_links_to":"","_links_to_target":""},"class_list":["post-1151","page","type-page","status-publish","has-post-thumbnail"],"yoast_head":"<!-- This site is optimized with the Yoast SEO plugin v27.4 - https:\/\/yoast.com\/product\/yoast-seo-wordpress\/ -->\n<title>Ty\u00f6paikat - HewSaw<\/title>\n<meta name=\"robots\" content=\"index, follow, max-snippet:-1, max-image-preview:large, max-video-preview:-1\" \/>\n<link rel=\"canonical\" href=\"https:\/\/hewsaw.com\/ru\/tyopaikat\" \/>\n<meta property=\"og:locale\" content=\"ru_RU\" \/>\n<meta property=\"og:type\" content=\"article\" \/>\n<meta property=\"og:title\" content=\"Ty\u00f6paikat - HewSaw\" \/>\n<meta property=\"og:description\" content=\"[vc_row type=&#187;full_width_content&#187; full_screen_row_position=&#187;middle&#187; column_margin=&#187;default&#187; equal_height=&#187;yes&#187; content_placement=&#187;middle&#187; column_direction=&#187;default&#187; column_direction_tablet=&#187;default&#187; column_direction_phone=&#187;default&#187; scene_position=&#187;center&#187; text_color=&#187;light&#187; text_align=&#187;left&#187; row_border_radius=&#187;none&#187; row_border_radius_applies=&#187;bg&#187; overlay_strength=&#187;0.3&#8243; gradient_direction=&#187;left_to_right&#187; shape_divider_position=&#187;bottom&#187; bg_image_animation=&#187;none&#187; shape_type=&#187;&#187;][vc_column column_padding=&#187;padding-10-percent&#187; column_padding_tablet=&#187;inherit&#187; column_padding_phone=&#187;inherit&#187; column_padding_position=&#187;top-bottom&#187; column_element_spacing=&#187;default&#187; centered_text=&#187;true&#187; background_color=&#187;#000000&#8243; background_color_opacity=&#187;0.2&#8243; background_hover_color_opacity=&#187;1&#8243; background_image=&#187;861&#8243; background_image_position=&#187;center...\" \/>\n<meta property=\"og:url\" content=\"https:\/\/hewsaw.com\/ru\/tyopaikat\" \/>\n<meta property=\"og:site_name\" content=\"HewSaw\" \/>\n<meta property=\"article:modified_time\" content=\"2022-03-04T09:51:39+00:00\" \/>\n<meta property=\"og:image\" content=\"https:\/\/hewsaw.com\/wp-content\/uploads\/2021\/01\/We-are-hiring_fb.jpg\" \/>\n\t<meta property=\"og:image:width\" content=\"1200\" \/>\n\t<meta property=\"og:image:height\" content=\"630\" \/>\n\t<meta property=\"og:image:type\" content=\"image\/jpeg\" \/>\n<meta name=\"twitter:card\" content=\"summary_large_image\" \/>\n<meta name=\"twitter:image\" content=\"https:\/\/hewsaw.com\/wp-content\/uploads\/2021\/01\/We-are-hiring_fb.jpg\" \/>\n<meta name=\"twitter:label1\" content=\"\u041f\u0440\u0438\u043c\u0435\u0440\u043d\u043e\u0435 \u0432\u0440\u0435\u043c\u044f \u0434\u043b\u044f \u0447\u0442\u0435\u043d\u0438\u044f\" \/>\n\t<meta name=\"twitter:data1\" content=\"6 \u043c\u0438\u043d\u0443\u0442\" \/>\n<script type=\"application\/ld+json\" class=\"yoast-schema-graph\">{\"@context\":\"https:\\\/\\\/schema.org\",\"@graph\":[{\"@type\":\"WebPage\",\"@id\":\"https:\\\/\\\/hewsaw.com\\\/ru\\\/tyopaikat\",\"url\":\"https:\\\/\\\/hewsaw.com\\\/ru\\\/tyopaikat\",\"name\":\"Ty\u00f6paikat - HewSaw\",\"isPartOf\":{\"@id\":\"https:\\\/\\\/hewsaw.com\\\/ru#website\"},\"primaryImageOfPage\":{\"@id\":\"https:\\\/\\\/hewsaw.com\\\/ru\\\/tyopaikat#primaryimage\"},\"image\":{\"@id\":\"https:\\\/\\\/hewsaw.com\\\/ru\\\/tyopaikat#primaryimage\"},\"thumbnailUrl\":\"https:\\\/\\\/hewsaw.com\\\/wp-content\\\/uploads\\\/2021\\\/01\\\/We-are-hiring_fb.jpg\",\"datePublished\":\"2019-10-21T10:09:01+00:00\",\"dateModified\":\"2022-03-04T09:51:39+00:00\",\"breadcrumb\":{\"@id\":\"https:\\\/\\\/hewsaw.com\\\/ru\\\/tyopaikat#breadcrumb\"},\"inLanguage\":\"ru-RU\",\"potentialAction\":[{\"@type\":\"ReadAction\",\"target\":[\"https:\\\/\\\/hewsaw.com\\\/ru\\\/tyopaikat\"]}]},{\"@type\":\"ImageObject\",\"inLanguage\":\"ru-RU\",\"@id\":\"https:\\\/\\\/hewsaw.com\\\/ru\\\/tyopaikat#primaryimage\",\"url\":\"https:\\\/\\\/hewsaw.com\\\/wp-content\\\/uploads\\\/2021\\\/01\\\/We-are-hiring_fb.jpg\",\"contentUrl\":\"https:\\\/\\\/hewsaw.com\\\/wp-content\\\/uploads\\\/2021\\\/01\\\/We-are-hiring_fb.jpg\",\"width\":1200,\"height\":630,\"caption\":\"we-are-hiring-hewsaw\"},{\"@type\":\"BreadcrumbList\",\"@id\":\"https:\\\/\\\/hewsaw.com\\\/ru\\\/tyopaikat#breadcrumb\",\"itemListElement\":[{\"@type\":\"ListItem\",\"position\":1,\"name\":\"Home\",\"item\":\"https:\\\/\\\/hewsaw.com\\\/ru\"},{\"@type\":\"ListItem\",\"position\":2,\"name\":\"Ty\u00f6paikat\"}]},{\"@type\":\"WebSite\",\"@id\":\"https:\\\/\\\/hewsaw.com\\\/ru#website\",\"url\":\"https:\\\/\\\/hewsaw.com\\\/ru\",\"name\":\"HewSaw\",\"description\":\"Sahalinjat\",\"publisher\":{\"@id\":\"https:\\\/\\\/hewsaw.com\\\/ru#organization\"},\"potentialAction\":[{\"@type\":\"SearchAction\",\"target\":{\"@type\":\"EntryPoint\",\"urlTemplate\":\"https:\\\/\\\/hewsaw.com\\\/ru?s={search_term_string}\"},\"query-input\":{\"@type\":\"PropertyValueSpecification\",\"valueRequired\":true,\"valueName\":\"search_term_string\"}}],\"inLanguage\":\"ru-RU\"},{\"@type\":\"Organization\",\"@id\":\"https:\\\/\\\/hewsaw.com\\\/ru#organization\",\"name\":\"HewSaw\",\"url\":\"https:\\\/\\\/hewsaw.com\\\/ru\",\"logo\":{\"@type\":\"ImageObject\",\"inLanguage\":\"ru-RU\",\"@id\":\"https:\\\/\\\/hewsaw.com\\\/ru#\\\/schema\\\/logo\\\/image\\\/\",\"url\":\"https:\\\/\\\/hewsaw.com\\\/wp-content\\\/uploads\\\/2020\\\/01\\\/HewSaw-Gray-800.png\",\"contentUrl\":\"https:\\\/\\\/hewsaw.com\\\/wp-content\\\/uploads\\\/2020\\\/01\\\/HewSaw-Gray-800.png\",\"width\":800,\"height\":307,\"caption\":\"HewSaw\"},\"image\":{\"@id\":\"https:\\\/\\\/hewsaw.com\\\/ru#\\\/schema\\\/logo\\\/image\\\/\"},\"sameAs\":[\"https:\\\/\\\/www.instagram.com\\\/hewsawworld\\\/\",\"https:\\\/\\\/www.linkedin.com\\\/company\\\/veisto-oy\\\/\",\"https:\\\/\\\/www.youtube.com\\\/channel\\\/UCkud8AivLRav8TIekpdKpSQ\"]}]}<\/script>\n<!-- \/ Yoast SEO plugin. -->","yoast_head_json":{"title":"Ty\u00f6paikat - HewSaw","robots":{"index":"index","follow":"follow","max-snippet":"max-snippet:-1","max-image-preview":"max-image-preview:large","max-video-preview":"max-video-preview:-1"},"canonical":"https:\/\/hewsaw.com\/ru\/tyopaikat","og_locale":"ru_RU","og_type":"article","og_title":"Ty\u00f6paikat - HewSaw","og_description":"[vc_row type=&#187;full_width_content&#187; full_screen_row_position=&#187;middle&#187; column_margin=&#187;default&#187; equal_height=&#187;yes&#187; content_placement=&#187;middle&#187; column_direction=&#187;default&#187; column_direction_tablet=&#187;default&#187; column_direction_phone=&#187;default&#187; scene_position=&#187;center&#187; text_color=&#187;light&#187; text_align=&#187;left&#187; row_border_radius=&#187;none&#187; row_border_radius_applies=&#187;bg&#187; overlay_strength=&#187;0.3&#8243; gradient_direction=&#187;left_to_right&#187; shape_divider_position=&#187;bottom&#187; bg_image_animation=&#187;none&#187; shape_type=&#187;&#187;][vc_column column_padding=&#187;padding-10-percent&#187; column_padding_tablet=&#187;inherit&#187; column_padding_phone=&#187;inherit&#187; column_padding_position=&#187;top-bottom&#187; column_element_spacing=&#187;default&#187; centered_text=&#187;true&#187; background_color=&#187;#000000&#8243; background_color_opacity=&#187;0.2&#8243; background_hover_color_opacity=&#187;1&#8243; background_image=&#187;861&#8243; background_image_position=&#187;center...","og_url":"https:\/\/hewsaw.com\/ru\/tyopaikat","og_site_name":"HewSaw","article_modified_time":"2022-03-04T09:51:39+00:00","og_image":[{"width":1200,"height":630,"url":"https:\/\/hewsaw.com\/wp-content\/uploads\/2021\/01\/We-are-hiring_fb.jpg","type":"image\/jpeg"}],"twitter_card":"summary_large_image","twitter_image":"https:\/\/hewsaw.com\/wp-content\/uploads\/2021\/01\/We-are-hiring_fb.jpg","twitter_misc":{"\u041f\u0440\u0438\u043c\u0435\u0440\u043d\u043e\u0435 \u0432\u0440\u0435\u043c\u044f \u0434\u043b\u044f \u0447\u0442\u0435\u043d\u0438\u044f":"6 \u043c\u0438\u043d\u0443\u0442"},"schema":{"@context":"https:\/\/schema.org","@graph":[{"@type":"WebPage","@id":"https:\/\/hewsaw.com\/ru\/tyopaikat","url":"https:\/\/hewsaw.com\/ru\/tyopaikat","name":"Ty\u00f6paikat - HewSaw","isPartOf":{"@id":"https:\/\/hewsaw.com\/ru#website"},"primaryImageOfPage":{"@id":"https:\/\/hewsaw.com\/ru\/tyopaikat#primaryimage"},"image":{"@id":"https:\/\/hewsaw.com\/ru\/tyopaikat#primaryimage"},"thumbnailUrl":"https:\/\/hewsaw.com\/wp-content\/uploads\/2021\/01\/We-are-hiring_fb.jpg","datePublished":"2019-10-21T10:09:01+00:00","dateModified":"2022-03-04T09:51:39+00:00","breadcrumb":{"@id":"https:\/\/hewsaw.com\/ru\/tyopaikat#breadcrumb"},"inLanguage":"ru-RU","potentialAction":[{"@type":"ReadAction","target":["https:\/\/hewsaw.com\/ru\/tyopaikat"]}]},{"@type":"ImageObject","inLanguage":"ru-RU","@id":"https:\/\/hewsaw.com\/ru\/tyopaikat#primaryimage","url":"https:\/\/hewsaw.com\/wp-content\/uploads\/2021\/01\/We-are-hiring_fb.jpg","contentUrl":"https:\/\/hewsaw.com\/wp-content\/uploads\/2021\/01\/We-are-hiring_fb.jpg","width":1200,"height":630,"caption":"we-are-hiring-hewsaw"},{"@type":"BreadcrumbList","@id":"https:\/\/hewsaw.com\/ru\/tyopaikat#breadcrumb","itemListElement":[{"@type":"ListItem","position":1,"name":"Home","item":"https:\/\/hewsaw.com\/ru"},{"@type":"ListItem","position":2,"name":"Ty\u00f6paikat"}]},{"@type":"WebSite","@id":"https:\/\/hewsaw.com\/ru#website","url":"https:\/\/hewsaw.com\/ru","name":"HewSaw","description":"Sahalinjat","publisher":{"@id":"https:\/\/hewsaw.com\/ru#organization"},"potentialAction":[{"@type":"SearchAction","target":{"@type":"EntryPoint","urlTemplate":"https:\/\/hewsaw.com\/ru?s={search_term_string}"},"query-input":{"@type":"PropertyValueSpecification","valueRequired":true,"valueName":"search_term_string"}}],"inLanguage":"ru-RU"},{"@type":"Organization","@id":"https:\/\/hewsaw.com\/ru#organization","name":"HewSaw","url":"https:\/\/hewsaw.com\/ru","logo":{"@type":"ImageObject","inLanguage":"ru-RU","@id":"https:\/\/hewsaw.com\/ru#\/schema\/logo\/image\/","url":"https:\/\/hewsaw.com\/wp-content\/uploads\/2020\/01\/HewSaw-Gray-800.png","contentUrl":"https:\/\/hewsaw.com\/wp-content\/uploads\/2020\/01\/HewSaw-Gray-800.png","width":800,"height":307,"caption":"HewSaw"},"image":{"@id":"https:\/\/hewsaw.com\/ru#\/schema\/logo\/image\/"},"sameAs":["https:\/\/www.instagram.com\/hewsawworld\/","https:\/\/www.linkedin.com\/company\/veisto-oy\/","https:\/\/www.youtube.com\/channel\/UCkud8AivLRav8TIekpdKpSQ"]}]}},"_links":{"self":[{"href":"https:\/\/hewsaw.com\/ru\/wp-json\/wp\/v2\/pages\/1151","targetHints":{"allow":["GET"]}}],"collection":[{"href":"https:\/\/hewsaw.com\/ru\/wp-json\/wp\/v2\/pages"}],"about":[{"href":"https:\/\/hewsaw.com\/ru\/wp-json\/wp\/v2\/types\/page"}],"author":[{"embeddable":true,"href":"https:\/\/hewsaw.com\/ru\/wp-json\/wp\/v2\/users\/1"}],"replies":[{"embeddable":true,"href":"https:\/\/hewsaw.com\/ru\/wp-json\/wp\/v2\/comments?post=1151"}],"version-history":[{"count":5,"href":"https:\/\/hewsaw.com\/ru\/wp-json\/wp\/v2\/pages\/1151\/revisions"}],"predecessor-version":[{"id":5379,"href":"https:\/\/hewsaw.com\/ru\/wp-json\/wp\/v2\/pages\/1151\/revisions\/5379"}],"wp:featuredmedia":[{"embeddable":true,"href":"https:\/\/hewsaw.com\/ru\/wp-json\/wp\/v2\/media\/4260"}],"wp:attachment":[{"href":"https:\/\/hewsaw.com\/ru\/wp-json\/wp\/v2\/media?parent=1151"}],"curies":[{"name":"wp","href":"https:\/\/api.w.org\/{rel}","templated":true}]}}