{"id":773,"date":"2019-10-21T13:54:16","date_gmt":"2019-10-21T10:54:16","guid":{"rendered":"https:\/\/hewsaw.com\/?page_id=773"},"modified":"2020-09-03T10:30:38","modified_gmt":"2020-09-03T07:30:38","slug":"tietosuojaseloste","status":"publish","type":"page","link":"https:\/\/hewsaw.com\/fi\/tietosuojaseloste","title":{"rendered":"Tietosuojaseloste"},"content":{"rendered":"[vc_row type=&#8221;in_container&#8221; full_screen_row_position=&#8221;middle&#8221; column_margin=&#8221;default&#8221; column_direction=&#8221;default&#8221; column_direction_tablet=&#8221;default&#8221; column_direction_phone=&#8221;default&#8221; scene_position=&#8221;center&#8221; text_color=&#8221;dark&#8221; text_align=&#8221;left&#8221; row_border_radius=&#8221;none&#8221; row_border_radius_applies=&#8221;bg&#8221; overlay_strength=&#8221;0.3&#8243; gradient_direction=&#8221;left_to_right&#8221; shape_divider_position=&#8221;bottom&#8221; bg_image_animation=&#8221;none&#8221;][vc_column column_padding=&#8221;padding-8-percent&#8221; column_padding_tablet=&#8221;inherit&#8221; column_padding_phone=&#8221;inherit&#8221; column_padding_position=&#8221;left-right&#8221; background_color_opacity=&#8221;1&#8243; background_hover_color_opacity=&#8221;1&#8243; column_shadow=&#8221;none&#8221; column_border_radius=&#8221;none&#8221; column_link_target=&#8221;_self&#8221; gradient_direction=&#8221;left_to_right&#8221; overlay_strength=&#8221;0.3&#8243; width=&#8221;1\/1&#8243; tablet_width_inherit=&#8221;default&#8221; tablet_text_alignment=&#8221;default&#8221; phone_text_alignment=&#8221;default&#8221; column_border_width=&#8221;none&#8221; column_border_style=&#8221;solid&#8221; bg_image_animation=&#8221;none&#8221;][vc_custom_heading text=&#8221;Tietosuojaseloste ja ev\u00e4stek\u00e4yt\u00e4nn\u00f6t&#8221; font_container=&#8221;tag:h1|text_align:left&#8221; use_theme_fonts=&#8221;yes&#8221;][divider line_type=&#8221;Full Width Line&#8221; line_thickness=&#8221;1&#8243; divider_color=&#8221;default&#8221; custom_height=&#8221;50&#8243;][vc_column_text]\n<p class=\"p2\"><span class=\"s1\"><b>Rekisterinpit\u00e4j\u00e4<\/b><\/span><\/p>\n<p class=\"p3\"><span class=\"s1\"><b>Veisto Oy<\/b><\/span><\/p>\n<p>Yritt\u00e4j\u00e4ntie 1<br \/>\n52700 M\u00e4ntyharju<\/p>\n<p>Lari Oranen<br \/>\n<a href=\"mailto:silja.hytti@veisto.com\">lari.oranen@veisto.com<\/a><\/p>\n<p class=\"p1\"><span class=\"s1\">Y-tunnus: 0276368-5<\/span><\/p>\n<p><a href=\"https:\/\/hewsaw.com\/fi\/tietosuojaseloste\/gdpr-d-fence-2020-suomi-malli\" rel=\"attachment wp-att-4119\"><img loading=\"lazy\" decoding=\"async\" class=\"alignnone size-thumbnail wp-image-4119\" src=\"https:\/\/hewsaw.com\/wp-content\/uploads\/2020\/08\/GDPR-D-Fence-2020-Suomi-MALLI-150x150.png\" alt=\"\" width=\"150\" height=\"150\" srcset=\"https:\/\/hewsaw.com\/wp-content\/uploads\/2020\/08\/GDPR-D-Fence-2020-Suomi-MALLI-150x150.png 150w, https:\/\/hewsaw.com\/wp-content\/uploads\/2020\/08\/GDPR-D-Fence-2020-Suomi-MALLI-300x300.png 300w, https:\/\/hewsaw.com\/wp-content\/uploads\/2020\/08\/GDPR-D-Fence-2020-Suomi-MALLI-100x100.png 100w, https:\/\/hewsaw.com\/wp-content\/uploads\/2020\/08\/GDPR-D-Fence-2020-Suomi-MALLI-140x140.png 140w, https:\/\/hewsaw.com\/wp-content\/uploads\/2020\/08\/GDPR-D-Fence-2020-Suomi-MALLI-500x500.png 500w, https:\/\/hewsaw.com\/wp-content\/uploads\/2020\/08\/GDPR-D-Fence-2020-Suomi-MALLI-350x350.png 350w, https:\/\/hewsaw.com\/wp-content\/uploads\/2020\/08\/GDPR-D-Fence-2020-Suomi-MALLI.png 567w\" sizes=\"auto, (max-width: 150px) 100vw, 150px\" \/><\/a><\/p>\n<p><a href=\"https:\/\/hewsaw.com\/fi\/tietosuojaseloste\/potentiaaliset-asiakkaat-ja-prospektit\" rel=\"attachment wp-att-4133\">Potentiaaliset asiakkaat ja prospektit<\/a><\/p>\n<p><a href=\"https:\/\/hewsaw.com\/fi\/tietosuojaseloste\/rekrytointirekisteri\" rel=\"attachment wp-att-4126\">Rekrytointirekisteri<\/a><\/p>\n<p><a href=\"https:\/\/hewsaw.com\/fi\/tietosuojaseloste\/asiakasrekisteri\" rel=\"attachment wp-att-4161\">Asiakasrekisteri<\/a>[\/vc_column_text][toggles style=&#8221;default&#8221;][toggle color=&#8221;Default&#8221; title=&#8221;Tietosuojaseloste&#8221;][vc_column_text][\/vc_column_text][vc_column_text]<strong>Veisto Oy:n verkkosivujen tietosuojaseloste.<\/strong><\/p>\n<p>Tietosuojaselosteen viimeisin p\u00e4ivitys: 18.10.2019<\/p>\n<ol>\n<li><strong>Rekisterinpit\u00e4j\u00e4<\/strong><br \/>\nVeisto Oy<br \/>\nYritt\u00e4j\u00e4ntie 1<br \/>\n52700 M\u00e4ntyharju<\/li>\n<li><strong>Yhteyshenkil\u00f6 rekisteri\u00e4 koskevissa asioissa<\/strong><br \/>\nLari Oranen<br \/>\n<a href=\"mailto:silja.hytti@veisto.com\">lari.oranen@veisto.com<\/a><\/li>\n<li><strong>Tietosuojaselosteen nimi<\/strong><br \/>\nVeisto Oy:n verkkopalvelun k\u00e4ytt\u00e4j\u00e4rekisteri sek\u00e4 verkkosivuston k\u00e4vij\u00e4seuranta.<\/li>\n<li><strong>Oikeusperuste ja henkil\u00f6tietojen k\u00e4sittelyn tarkoitus<\/strong><br \/>\nHenkil\u00f6tietojen k\u00e4sittelyn perusteena on Veisto Oyn asiakas-, asiointi- tai sidosryhm\u00e4suhde. Tietoja k\u00e4ytet\u00e4\u00e4n asiakassuhteen hoitoon sek\u00e4 hewsaw.com-verkkopalvelun k\u00e4ytt\u00f6kokemuksen parantamiseen. Henkil\u00f6tietoja yll\u00e4pidet\u00e4\u00e4n, jotta lomakkeiden kautta tuleviin viesteihin voidaan tarvittaessa vastata.<\/li>\n<li><strong>K\u00e4ytt\u00e4j\u00e4rekisteri<\/strong><br \/>\nK\u00e4ytt\u00e4j\u00e4rekisteriin tallennettavia tietoja ovat: henkil\u00f6n nimi, yritys\/organisaatio sek\u00e4 yhteystiedot (puhelinnumero, s\u00e4hk\u00f6postiosoite, osoite).<br \/>\nRekisteriin tallennettavat tiedot saadaan k\u00e4ytt\u00e4j\u00e4lt\u00e4 www-lomakkeilla l\u00e4hetetyist\u00e4 viesteist\u00e4, joissa k\u00e4ytt\u00e4j\u00e4 luovuttaa tietojaan.<\/li>\n<li><strong>K\u00e4vij\u00e4seuranta<\/strong><br \/>\nK\u00e4yt\u00e4mme k\u00e4vij\u00e4tietojen analysointiin Google Inc:n (\u201dGoogle\u201d) yll\u00e4pit\u00e4m\u00e4\u00e4 verkkoanalyysipalvelua, joka k\u00e4ytt\u00e4\u00e4 sivustollamme ev\u00e4steit\u00e4. Googlen tietosuojak\u00e4yt\u00e4nt\u00f6 on luettavissa osoitteessa<br \/>\n<a href=\"http:\/\/www.google.fi\/policies\/privacy\/\" target=\"_blank\" rel=\"noopener noreferrer\">http:\/\/www.google.fi\/policies\/privacy\/<\/a><\/li>\n<li><strong>Ev\u00e4steit\u00e4<\/strong> k\u00e4ytet\u00e4\u00e4n verkkosivuilla mm. tiedon tekniseen v\u00e4litt\u00e4miseen palvelun k\u00e4yt\u00f6n helpottamiseksi. Toimintoa ei k\u00e4ytet\u00e4 k\u00e4ytt\u00e4j\u00e4n henkil\u00f6tietojen ker\u00e4\u00e4miseen. Palvelun k\u00e4yt\u00f6st\u00e4 voidaan ker\u00e4t\u00e4 lis\u00e4ksi tilastollista tietoa esimerkiksi k\u00e4vij\u00e4m\u00e4\u00e4r\u00e4st\u00e4, suosituimmista sivuista, sis\u00e4\u00e4ntulosivuista, poistumissivuista jne. Mik\u00e4li et halua palvelun saavan tietoja ev\u00e4steiden avulla, niin voit kielt\u00e4\u00e4 ev\u00e4steet verkkoselaimen asetuksista. Ev\u00e4steiden k\u00e4yt\u00f6n est\u00e4minen saattaa vaikuttaa kuitenkin internet-sivujen toimivuuteen, jolloin emme voi taata sivujen virheet\u00f6nt\u00e4 toimintaa.<br \/>\nSivustolla on niin kutsuttu <strong>sosiaalinen laajennus<\/strong> kolmannen osapuolen eli Youtuben yhteis\u00f6liit\u00e4nn\u00e4iseen. Kolmannen osapuolen sovelluksiin sovelletaan kolmannen osapuolen k\u00e4ytt\u00f6- ja muita ehtoja.<\/li>\n<li><strong>S\u00e4\u00e4nn\u00f6nmukaiset tietojen luovutukset<br \/>\n<\/strong>Tietosuojaseloste<br \/>\nVeisto Oy<br \/>\nYritt\u00e4j\u00e4ntie 1<br \/>\n52700<br \/>\nM\u00e4ntyharju<br \/>\netunimi.sukunimi@veisto.com<br \/>\n0276368-5<br \/>\nwww.hewsaw.com<br \/>\nHenkil\u00f6tietoja ei luovuteta s\u00e4\u00e4nn\u00f6nmukaisesti muille tahoille, mutta niit\u00e4 voidaan luovuttaa voimassaolevan lains\u00e4\u00e4d\u00e4nn\u00f6n sallimissa ja velvoittavissa rajoissa. Henkil\u00f6tietoja ei luovuteta tai siirret\u00e4 rekisterinpit\u00e4j\u00e4n toimesta my\u00f6sk\u00e4\u00e4n EU:n tai ETA:n ulkopuolelle ilman erillist\u00e4 lupaa.<\/li>\n<li><strong>Rekisterin suojauksen periaatteet ja tietojen s\u00e4ilytysaika<br \/>\n<\/strong>Teknisten laitteistojen suojaus on toteutettu Veisto Oy:n tietoturvaohjeiden mukaisesti. Rekisterinpit\u00e4j\u00e4n\u00e4 Veisto huolehtii siit\u00e4, ett\u00e4 ker\u00e4ttyj\u00e4 tietoja k\u00e4sitell\u00e4\u00e4n aina luottamuksellisesti ja vain niiden ty\u00f6ntekij\u00f6iden toimesta, joiden ty\u00f6nkuvaan se kuuluu. Vanhentuneet ja tarpeettomat tiedot h\u00e4vitet\u00e4\u00e4n asiaankuuluvalla tavalla. Henkil\u00f6tietoja s\u00e4ilyt\u00e4mme vain niin kauan, kun se on tarpeen henkil\u00f6tietojen k\u00e4sittelytarkoitusten toteuttamiseksi.<\/li>\n<li><strong>Rekister\u00f6idyn oikeudet<\/strong><br \/>\nJokaisella rekisteriss\u00e4 olevalla henkil\u00f6ll\u00e4 on oikeus tarkistaa rekisteriin tallennetut tietonsa ja vaatia mahdollisen virheellisen tiedon korjaamista tai puutteellisen tiedon t\u00e4ydent\u00e4mist\u00e4. Rekisteriss\u00e4 olevalla henkil\u00f6ll\u00e4 on oikeus my\u00f6s pyyt\u00e4\u00e4 h\u00e4nt\u00e4 koskevien henkil\u00f6tietojen poistamista rekisterist\u00e4. Rekister\u00f6idyll\u00e4 on my\u00f6s oikeus tehd\u00e4 valitus valvontaviranomaiselle, jos rekister\u00f6ity katsoo, ett\u00e4 rekisterinpit\u00e4j\u00e4 ei ole noudattanut toiminnassaan soveltuvaa tietosuojas\u00e4\u00e4ntely\u00e4. Suomessa valvontaviranomaisena toimii Tietosuojavaltuutetun toimisto (tietosuoja@om.fi). Rekisterinpit\u00e4j\u00e4n\u00e4 Veisto Oy vastaa sille osoitettuihin pyynt\u00f6ihin EU:n tietosuoja-asetuksessa s\u00e4\u00e4detyss\u00e4 ajassa eli p\u00e4\u00e4s\u00e4\u00e4nt\u00f6isesti kuukauden kuluessa. Pyynt\u00f6 on teht\u00e4v\u00e4 osoitteeseen:<br \/>\nVeisto Oy<br \/>\nYritt\u00e4j\u00e4ntie 1<br \/>\n52700 M\u00e4ntyharju<br \/>\n<a href=\"mailto:silja.hytti@veisto.com\">lari.oranen@veisto.com<\/a><\/li>\n<\/ol>\n[\/vc_column_text][\/toggle][\/toggles][\/vc_column][\/vc_row][vc_row type=&#8221;in_container&#8221; full_screen_row_position=&#8221;middle&#8221; column_margin=&#8221;default&#8221; column_direction=&#8221;default&#8221; column_direction_tablet=&#8221;default&#8221; column_direction_phone=&#8221;default&#8221; scene_position=&#8221;center&#8221; text_color=&#8221;dark&#8221; text_align=&#8221;left&#8221; row_border_radius=&#8221;none&#8221; row_border_radius_applies=&#8221;bg&#8221; overlay_strength=&#8221;0.3&#8243; gradient_direction=&#8221;left_to_right&#8221; shape_divider_position=&#8221;bottom&#8221; bg_image_animation=&#8221;none&#8221;][vc_column column_padding=&#8221;no-extra-padding&#8221; column_padding_tablet=&#8221;inherit&#8221; column_padding_phone=&#8221;inherit&#8221; column_padding_position=&#8221;all&#8221; background_color_opacity=&#8221;1&#8243; background_hover_color_opacity=&#8221;1&#8243; column_shadow=&#8221;none&#8221; column_border_radius=&#8221;none&#8221; column_link_target=&#8221;_self&#8221; gradient_direction=&#8221;left_to_right&#8221; overlay_strength=&#8221;0.3&#8243; width=&#8221;1\/1&#8243; tablet_width_inherit=&#8221;default&#8221; tablet_text_alignment=&#8221;default&#8221; phone_text_alignment=&#8221;default&#8221; column_border_width=&#8221;none&#8221; column_border_style=&#8221;solid&#8221; bg_image_animation=&#8221;none&#8221;][vc_column_text]\n[\/vc_column_text][\/vc_column][\/vc_row]\n","protected":false},"excerpt":{"rendered":"<p>[vc_row type=&#8221;in_container&#8221; full_screen_row_position=&#8221;middle&#8221; column_margin=&#8221;default&#8221; column_direction=&#8221;default&#8221; column_direction_tablet=&#8221;default&#8221; column_direction_phone=&#8221;default&#8221; scene_position=&#8221;center&#8221; text_color=&#8221;dark&#8221; text_align=&#8221;left&#8221; row_border_radius=&#8221;none&#8221; row_border_radius_applies=&#8221;bg&#8221; overlay_strength=&#8221;0.3&#8243; gradient_direction=&#8221;left_to_right&#8221; shape_divider_position=&#8221;bottom&#8221; bg_image_animation=&#8221;none&#8221;][vc_column column_padding=&#8221;padding-8-percent&#8221; column_padding_tablet=&#8221;inherit&#8221; column_padding_phone=&#8221;inherit&#8221; column_padding_position=&#8221;left-right&#8221; background_color_opacity=&#8221;1&#8243; background_hover_color_opacity=&#8221;1&#8243; column_shadow=&#8221;none&#8221; column_border_radius=&#8221;none&#8221; column_link_target=&#8221;_self&#8221; gradient_direction=&#8221;left_to_right&#8221; overlay_strength=&#8221;0.3&#8243; width=&#8221;1\/1&#8243; tablet_width_inherit=&#8221;default&#8221; tablet_text_alignment=&#8221;default&#8221;&#8230;<\/p>\n","protected":false},"author":1,"featured_media":0,"parent":0,"menu_order":48,"comment_status":"closed","ping_status":"closed","template":"","meta":{"footnotes":"","_links_to":"","_links_to_target":""},"class_list":["post-773","page","type-page","status-publish"],"yoast_head":"<!-- This site is optimized with the Yoast SEO plugin v27.4 - https:\/\/yoast.com\/product\/yoast-seo-wordpress\/ -->\n<title>Tietosuojaseloste - HewSaw<\/title>\n<meta name=\"robots\" content=\"index, follow, max-snippet:-1, max-image-preview:large, max-video-preview:-1\" \/>\n<link rel=\"canonical\" href=\"https:\/\/hewsaw.com\/fi\/tietosuojaseloste\" \/>\n<meta property=\"og:locale\" content=\"fi_FI\" \/>\n<meta property=\"og:type\" content=\"article\" \/>\n<meta property=\"og:title\" content=\"Tietosuojaseloste - HewSaw\" \/>\n<meta property=\"og:description\" content=\"[vc_row type=&#8221;in_container&#8221; full_screen_row_position=&#8221;middle&#8221; column_margin=&#8221;default&#8221; column_direction=&#8221;default&#8221; column_direction_tablet=&#8221;default&#8221; column_direction_phone=&#8221;default&#8221; scene_position=&#8221;center&#8221; text_color=&#8221;dark&#8221; text_align=&#8221;left&#8221; row_border_radius=&#8221;none&#8221; row_border_radius_applies=&#8221;bg&#8221; overlay_strength=&#8221;0.3&#8243; gradient_direction=&#8221;left_to_right&#8221; shape_divider_position=&#8221;bottom&#8221; bg_image_animation=&#8221;none&#8221;][vc_column column_padding=&#8221;padding-8-percent&#8221; column_padding_tablet=&#8221;inherit&#8221; column_padding_phone=&#8221;inherit&#8221; column_padding_position=&#8221;left-right&#8221; background_color_opacity=&#8221;1&#8243; background_hover_color_opacity=&#8221;1&#8243; column_shadow=&#8221;none&#8221; column_border_radius=&#8221;none&#8221; column_link_target=&#8221;_self&#8221; gradient_direction=&#8221;left_to_right&#8221; overlay_strength=&#8221;0.3&#8243; width=&#8221;1\/1&#8243; tablet_width_inherit=&#8221;default&#8221; tablet_text_alignment=&#8221;default&#8221;...\" \/>\n<meta property=\"og:url\" content=\"https:\/\/hewsaw.com\/fi\/tietosuojaseloste\" \/>\n<meta property=\"og:site_name\" content=\"HewSaw\" \/>\n<meta property=\"article:modified_time\" content=\"2020-09-03T07:30:38+00:00\" \/>\n<meta property=\"og:image\" content=\"https:\/\/hewsaw.com\/wp-content\/uploads\/2020\/08\/GDPR-D-Fence-2020-Suomi-MALLI-150x150.png\" \/>\n<meta name=\"twitter:card\" content=\"summary_large_image\" \/>\n<meta name=\"twitter:label1\" content=\"Arvioitu lukuaika\" \/>\n\t<meta name=\"twitter:data1\" content=\"4 minuuttia\" \/>\n<script type=\"application\/ld+json\" class=\"yoast-schema-graph\">{\"@context\":\"https:\\\/\\\/schema.org\",\"@graph\":[{\"@type\":\"WebPage\",\"@id\":\"https:\\\/\\\/hewsaw.com\\\/fi\\\/tietosuojaseloste\",\"url\":\"https:\\\/\\\/hewsaw.com\\\/fi\\\/tietosuojaseloste\",\"name\":\"Tietosuojaseloste - HewSaw\",\"isPartOf\":{\"@id\":\"https:\\\/\\\/hewsaw.com\\\/fi#website\"},\"primaryImageOfPage\":{\"@id\":\"https:\\\/\\\/hewsaw.com\\\/fi\\\/tietosuojaseloste#primaryimage\"},\"image\":{\"@id\":\"https:\\\/\\\/hewsaw.com\\\/fi\\\/tietosuojaseloste#primaryimage\"},\"thumbnailUrl\":\"https:\\\/\\\/hewsaw.com\\\/wp-content\\\/uploads\\\/2020\\\/08\\\/GDPR-D-Fence-2020-Suomi-MALLI-150x150.png\",\"datePublished\":\"2019-10-21T10:54:16+00:00\",\"dateModified\":\"2020-09-03T07:30:38+00:00\",\"breadcrumb\":{\"@id\":\"https:\\\/\\\/hewsaw.com\\\/fi\\\/tietosuojaseloste#breadcrumb\"},\"inLanguage\":\"fi\",\"potentialAction\":[{\"@type\":\"ReadAction\",\"target\":[\"https:\\\/\\\/hewsaw.com\\\/fi\\\/tietosuojaseloste\"]}]},{\"@type\":\"ImageObject\",\"inLanguage\":\"fi\",\"@id\":\"https:\\\/\\\/hewsaw.com\\\/fi\\\/tietosuojaseloste#primaryimage\",\"url\":\"https:\\\/\\\/hewsaw.com\\\/wp-content\\\/uploads\\\/2020\\\/08\\\/GDPR-D-Fence-2020-Suomi-MALLI-150x150.png\",\"contentUrl\":\"https:\\\/\\\/hewsaw.com\\\/wp-content\\\/uploads\\\/2020\\\/08\\\/GDPR-D-Fence-2020-Suomi-MALLI-150x150.png\"},{\"@type\":\"BreadcrumbList\",\"@id\":\"https:\\\/\\\/hewsaw.com\\\/fi\\\/tietosuojaseloste#breadcrumb\",\"itemListElement\":[{\"@type\":\"ListItem\",\"position\":1,\"name\":\"Home\",\"item\":\"https:\\\/\\\/hewsaw.com\\\/fi\"},{\"@type\":\"ListItem\",\"position\":2,\"name\":\"Tietosuojaseloste\"}]},{\"@type\":\"WebSite\",\"@id\":\"https:\\\/\\\/hewsaw.com\\\/fi#website\",\"url\":\"https:\\\/\\\/hewsaw.com\\\/fi\",\"name\":\"HewSaw\",\"description\":\"Sahalinjat\",\"publisher\":{\"@id\":\"https:\\\/\\\/hewsaw.com\\\/fi#organization\"},\"potentialAction\":[{\"@type\":\"SearchAction\",\"target\":{\"@type\":\"EntryPoint\",\"urlTemplate\":\"https:\\\/\\\/hewsaw.com\\\/fi?s={search_term_string}\"},\"query-input\":{\"@type\":\"PropertyValueSpecification\",\"valueRequired\":true,\"valueName\":\"search_term_string\"}}],\"inLanguage\":\"fi\"},{\"@type\":\"Organization\",\"@id\":\"https:\\\/\\\/hewsaw.com\\\/fi#organization\",\"name\":\"HewSaw\",\"url\":\"https:\\\/\\\/hewsaw.com\\\/fi\",\"logo\":{\"@type\":\"ImageObject\",\"inLanguage\":\"fi\",\"@id\":\"https:\\\/\\\/hewsaw.com\\\/fi#\\\/schema\\\/logo\\\/image\\\/\",\"url\":\"https:\\\/\\\/hewsaw.com\\\/wp-content\\\/uploads\\\/2020\\\/01\\\/HewSaw-Gray-800.png\",\"contentUrl\":\"https:\\\/\\\/hewsaw.com\\\/wp-content\\\/uploads\\\/2020\\\/01\\\/HewSaw-Gray-800.png\",\"width\":800,\"height\":307,\"caption\":\"HewSaw\"},\"image\":{\"@id\":\"https:\\\/\\\/hewsaw.com\\\/fi#\\\/schema\\\/logo\\\/image\\\/\"},\"sameAs\":[\"https:\\\/\\\/www.instagram.com\\\/hewsawworld\\\/\",\"https:\\\/\\\/www.linkedin.com\\\/company\\\/veisto-oy\\\/\",\"https:\\\/\\\/www.youtube.com\\\/channel\\\/UCkud8AivLRav8TIekpdKpSQ\"]}]}<\/script>\n<!-- \/ Yoast SEO plugin. -->","yoast_head_json":{"title":"Tietosuojaseloste - HewSaw","robots":{"index":"index","follow":"follow","max-snippet":"max-snippet:-1","max-image-preview":"max-image-preview:large","max-video-preview":"max-video-preview:-1"},"canonical":"https:\/\/hewsaw.com\/fi\/tietosuojaseloste","og_locale":"fi_FI","og_type":"article","og_title":"Tietosuojaseloste - HewSaw","og_description":"[vc_row type=&#8221;in_container&#8221; full_screen_row_position=&#8221;middle&#8221; column_margin=&#8221;default&#8221; column_direction=&#8221;default&#8221; column_direction_tablet=&#8221;default&#8221; column_direction_phone=&#8221;default&#8221; scene_position=&#8221;center&#8221; text_color=&#8221;dark&#8221; text_align=&#8221;left&#8221; row_border_radius=&#8221;none&#8221; row_border_radius_applies=&#8221;bg&#8221; overlay_strength=&#8221;0.3&#8243; gradient_direction=&#8221;left_to_right&#8221; shape_divider_position=&#8221;bottom&#8221; bg_image_animation=&#8221;none&#8221;][vc_column column_padding=&#8221;padding-8-percent&#8221; column_padding_tablet=&#8221;inherit&#8221; column_padding_phone=&#8221;inherit&#8221; column_padding_position=&#8221;left-right&#8221; background_color_opacity=&#8221;1&#8243; background_hover_color_opacity=&#8221;1&#8243; column_shadow=&#8221;none&#8221; column_border_radius=&#8221;none&#8221; column_link_target=&#8221;_self&#8221; gradient_direction=&#8221;left_to_right&#8221; overlay_strength=&#8221;0.3&#8243; width=&#8221;1\/1&#8243; tablet_width_inherit=&#8221;default&#8221; tablet_text_alignment=&#8221;default&#8221;...","og_url":"https:\/\/hewsaw.com\/fi\/tietosuojaseloste","og_site_name":"HewSaw","article_modified_time":"2020-09-03T07:30:38+00:00","og_image":[{"url":"https:\/\/hewsaw.com\/wp-content\/uploads\/2020\/08\/GDPR-D-Fence-2020-Suomi-MALLI-150x150.png","type":"","width":"","height":""}],"twitter_card":"summary_large_image","twitter_misc":{"Arvioitu lukuaika":"4 minuuttia"},"schema":{"@context":"https:\/\/schema.org","@graph":[{"@type":"WebPage","@id":"https:\/\/hewsaw.com\/fi\/tietosuojaseloste","url":"https:\/\/hewsaw.com\/fi\/tietosuojaseloste","name":"Tietosuojaseloste - HewSaw","isPartOf":{"@id":"https:\/\/hewsaw.com\/fi#website"},"primaryImageOfPage":{"@id":"https:\/\/hewsaw.com\/fi\/tietosuojaseloste#primaryimage"},"image":{"@id":"https:\/\/hewsaw.com\/fi\/tietosuojaseloste#primaryimage"},"thumbnailUrl":"https:\/\/hewsaw.com\/wp-content\/uploads\/2020\/08\/GDPR-D-Fence-2020-Suomi-MALLI-150x150.png","datePublished":"2019-10-21T10:54:16+00:00","dateModified":"2020-09-03T07:30:38+00:00","breadcrumb":{"@id":"https:\/\/hewsaw.com\/fi\/tietosuojaseloste#breadcrumb"},"inLanguage":"fi","potentialAction":[{"@type":"ReadAction","target":["https:\/\/hewsaw.com\/fi\/tietosuojaseloste"]}]},{"@type":"ImageObject","inLanguage":"fi","@id":"https:\/\/hewsaw.com\/fi\/tietosuojaseloste#primaryimage","url":"https:\/\/hewsaw.com\/wp-content\/uploads\/2020\/08\/GDPR-D-Fence-2020-Suomi-MALLI-150x150.png","contentUrl":"https:\/\/hewsaw.com\/wp-content\/uploads\/2020\/08\/GDPR-D-Fence-2020-Suomi-MALLI-150x150.png"},{"@type":"BreadcrumbList","@id":"https:\/\/hewsaw.com\/fi\/tietosuojaseloste#breadcrumb","itemListElement":[{"@type":"ListItem","position":1,"name":"Home","item":"https:\/\/hewsaw.com\/fi"},{"@type":"ListItem","position":2,"name":"Tietosuojaseloste"}]},{"@type":"WebSite","@id":"https:\/\/hewsaw.com\/fi#website","url":"https:\/\/hewsaw.com\/fi","name":"HewSaw","description":"Sahalinjat","publisher":{"@id":"https:\/\/hewsaw.com\/fi#organization"},"potentialAction":[{"@type":"SearchAction","target":{"@type":"EntryPoint","urlTemplate":"https:\/\/hewsaw.com\/fi?s={search_term_string}"},"query-input":{"@type":"PropertyValueSpecification","valueRequired":true,"valueName":"search_term_string"}}],"inLanguage":"fi"},{"@type":"Organization","@id":"https:\/\/hewsaw.com\/fi#organization","name":"HewSaw","url":"https:\/\/hewsaw.com\/fi","logo":{"@type":"ImageObject","inLanguage":"fi","@id":"https:\/\/hewsaw.com\/fi#\/schema\/logo\/image\/","url":"https:\/\/hewsaw.com\/wp-content\/uploads\/2020\/01\/HewSaw-Gray-800.png","contentUrl":"https:\/\/hewsaw.com\/wp-content\/uploads\/2020\/01\/HewSaw-Gray-800.png","width":800,"height":307,"caption":"HewSaw"},"image":{"@id":"https:\/\/hewsaw.com\/fi#\/schema\/logo\/image\/"},"sameAs":["https:\/\/www.instagram.com\/hewsawworld\/","https:\/\/www.linkedin.com\/company\/veisto-oy\/","https:\/\/www.youtube.com\/channel\/UCkud8AivLRav8TIekpdKpSQ"]}]}},"_links":{"self":[{"href":"https:\/\/hewsaw.com\/fi\/wp-json\/wp\/v2\/pages\/773","targetHints":{"allow":["GET"]}}],"collection":[{"href":"https:\/\/hewsaw.com\/fi\/wp-json\/wp\/v2\/pages"}],"about":[{"href":"https:\/\/hewsaw.com\/fi\/wp-json\/wp\/v2\/types\/page"}],"author":[{"embeddable":true,"href":"https:\/\/hewsaw.com\/fi\/wp-json\/wp\/v2\/users\/1"}],"replies":[{"embeddable":true,"href":"https:\/\/hewsaw.com\/fi\/wp-json\/wp\/v2\/comments?post=773"}],"version-history":[{"count":5,"href":"https:\/\/hewsaw.com\/fi\/wp-json\/wp\/v2\/pages\/773\/revisions"}],"predecessor-version":[{"id":4168,"href":"https:\/\/hewsaw.com\/fi\/wp-json\/wp\/v2\/pages\/773\/revisions\/4168"}],"wp:attachment":[{"href":"https:\/\/hewsaw.com\/fi\/wp-json\/wp\/v2\/media?parent=773"}],"curies":[{"name":"wp","href":"https:\/\/api.w.org\/{rel}","templated":true}]}}