{"id":1476,"date":"2019-10-21T13:09:01","date_gmt":"2019-10-21T10:09:01","guid":{"rendered":"https:\/\/hewsaw.com\/tyopaikat"},"modified":"2022-03-04T11:50:39","modified_gmt":"2022-03-04T09:50:39","slug":"tyopaikat","status":"publish","type":"page","link":"https:\/\/hewsaw.com\/en-ca\/tyopaikat","title":{"rendered":"Ty\u00f6paikat"},"content":{"rendered":"[vc_row type=&#8221;full_width_content&#8221; full_screen_row_position=&#8221;middle&#8221; column_margin=&#8221;default&#8221; equal_height=&#8221;yes&#8221; content_placement=&#8221;middle&#8221; column_direction=&#8221;default&#8221; column_direction_tablet=&#8221;default&#8221; column_direction_phone=&#8221;default&#8221; scene_position=&#8221;center&#8221; text_color=&#8221;light&#8221; text_align=&#8221;left&#8221; row_border_radius=&#8221;none&#8221; row_border_radius_applies=&#8221;bg&#8221; overlay_strength=&#8221;0.3&#8243; gradient_direction=&#8221;left_to_right&#8221; shape_divider_position=&#8221;bottom&#8221; bg_image_animation=&#8221;none&#8221; shape_type=&#8221;&#8221;][vc_column column_padding=&#8221;padding-10-percent&#8221; column_padding_tablet=&#8221;inherit&#8221; column_padding_phone=&#8221;inherit&#8221; column_padding_position=&#8221;top-bottom&#8221; column_element_spacing=&#8221;default&#8221; centered_text=&#8221;true&#8221; background_color=&#8221;#000000&#8243; background_color_opacity=&#8221;0.2&#8243; background_hover_color_opacity=&#8221;1&#8243; background_image=&#8221;861&#8243; background_image_position=&#8221;center center&#8221; enable_bg_scale=&#8221;true&#8221; background_image_loading=&#8221;default&#8221; font_color=&#8221;#ffffff&#8221; column_shadow=&#8221;none&#8221; column_border_radius=&#8221;none&#8221; column_link_target=&#8221;_self&#8221; el_class=&#8221;slogan&#8221; gradient_direction=&#8221;left_to_right&#8221; overlay_strength=&#8221;0.3&#8243; width=&#8221;1\/1&#8243; tablet_width_inherit=&#8221;default&#8221; tablet_text_alignment=&#8221;default&#8221; phone_text_alignment=&#8221;default&#8221; bg_image_animation=&#8221;none&#8221; enable_animation=&#8221;true&#8221; animation=&#8221;grow-in&#8221; border_type=&#8221;simple&#8221; column_border_width=&#8221;none&#8221; column_border_style=&#8221;solid&#8221;][nectar_animated_title heading_tag=&#8221;h3&#8243; style=&#8221;color-strip-reveal&#8221; color=&#8221;Accent-Color&#8221; text=&#8221;Choose the Original \u2013 HewSaw Grey&#8221;][vc_custom_heading text=&#8221;Ty\u00f6paikat&#8221; font_container=&#8221;tag:h1|text_align:center|color:%23ffffff&#8221; use_theme_fonts=&#8221;yes&#8221; css=&#8221;.vc_custom_1571652465827{padding-right: 15% !important;padding-left: 15% !important;}&#8221;][\/vc_column][\/vc_row][vc_row type=&#8221;in_container&#8221; full_screen_row_position=&#8221;middle&#8221; column_margin=&#8221;default&#8221; column_direction=&#8221;default&#8221; column_direction_tablet=&#8221;default&#8221; column_direction_phone=&#8221;default&#8221; scene_position=&#8221;center&#8221; top_padding=&#8221;4%&#8221; bottom_padding=&#8221;4%&#8221; text_color=&#8221;dark&#8221; text_align=&#8221;left&#8221; row_border_radius=&#8221;none&#8221; row_border_radius_applies=&#8221;bg&#8221; overlay_strength=&#8221;0.3&#8243; gradient_direction=&#8221;left_to_right&#8221; shape_divider_position=&#8221;bottom&#8221; bg_image_animation=&#8221;none&#8221; shape_type=&#8221;&#8221;][vc_column column_padding=&#8221;no-extra-padding&#8221; column_padding_tablet=&#8221;inherit&#8221; column_padding_phone=&#8221;inherit&#8221; column_padding_position=&#8221;all&#8221; column_element_spacing=&#8221;default&#8221; background_color_opacity=&#8221;1&#8243; background_hover_color_opacity=&#8221;1&#8243; column_shadow=&#8221;none&#8221; column_border_radius=&#8221;none&#8221; column_link_target=&#8221;_self&#8221; gradient_direction=&#8221;left_to_right&#8221; overlay_strength=&#8221;0.3&#8243; width=&#8221;1\/1&#8243; tablet_width_inherit=&#8221;default&#8221; tablet_text_alignment=&#8221;default&#8221; phone_text_alignment=&#8221;default&#8221; bg_image_animation=&#8221;none&#8221; border_type=&#8221;simple&#8221; column_border_width=&#8221;none&#8221; column_border_style=&#8221;solid&#8221;][vc_row_inner column_margin=&#8221;default&#8221; column_direction=&#8221;default&#8221; column_direction_tablet=&#8221;default&#8221; column_direction_phone=&#8221;default&#8221; text_align=&#8221;left&#8221;][vc_column_inner column_padding=&#8221;no-extra-padding&#8221; column_padding_tablet=&#8221;inherit&#8221; column_padding_phone=&#8221;inherit&#8221; column_padding_position=&#8221;all&#8221; column_element_spacing=&#8221;default&#8221; background_color_opacity=&#8221;1&#8243; background_hover_color_opacity=&#8221;1&#8243; column_shadow=&#8221;none&#8221; column_border_radius=&#8221;none&#8221; column_link_target=&#8221;_self&#8221; gradient_direction=&#8221;left_to_right&#8221; overlay_strength=&#8221;0.3&#8243; width=&#8221;1\/1&#8243; tablet_width_inherit=&#8221;default&#8221; bg_image_animation=&#8221;none&#8221; border_type=&#8221;simple&#8221; column_border_width=&#8221;none&#8221; column_border_style=&#8221;solid&#8221;][vc_custom_heading text=&#8221;Kansainv\u00e4linen huippuosaajien ty\u00f6paikka J\u00e4rvi-Suomessa&#8221; font_container=&#8221;tag:h2|text_align:center|color:%23706f6f&#8221; use_theme_fonts=&#8221;yes&#8221; css_animation=&#8221;fadeInLeft&#8221;][divider line_type=&#8221;No Line&#8221;][vc_custom_heading text=&#8221;Veisto Oy on kahdeksassa maassa toimiva sahakoneiden valmistaja, joka yhdist\u00e4\u00e4 huipputeknologian pitk\u00e4\u00e4n puunk\u00e4sittelyn traditioon. Tarjoamme mahdollisuuden ty\u00f6skennell\u00e4 muun muassa robotiikan, automaation ja virtuaaliteknologian parissa.&#8221; font_container=&#8221;tag:h3|font_size:20|text_align:center|color:%23706f6f|line_height:30px&#8221; use_theme_fonts=&#8221;yes&#8221; css_animation=&#8221;fadeInLeft&#8221;][\/vc_column_inner][\/vc_row_inner][vc_row_inner column_margin=&#8221;default&#8221; column_direction=&#8221;default&#8221; column_direction_tablet=&#8221;default&#8221; column_direction_phone=&#8221;default&#8221; text_align=&#8221;left&#8221;][vc_column_inner column_padding=&#8221;no-extra-padding&#8221; column_padding_tablet=&#8221;inherit&#8221; column_padding_phone=&#8221;inherit&#8221; column_padding_position=&#8221;all&#8221; column_element_spacing=&#8221;default&#8221; background_color_opacity=&#8221;1&#8243; background_hover_color_opacity=&#8221;1&#8243; column_shadow=&#8221;none&#8221; column_border_radius=&#8221;none&#8221; column_link_target=&#8221;_self&#8221; gradient_direction=&#8221;left_to_right&#8221; overlay_strength=&#8221;0.3&#8243; width=&#8221;1\/3&#8243; tablet_width_inherit=&#8221;default&#8221; bg_image_animation=&#8221;none&#8221; enable_animation=&#8221;true&#8221; animation=&#8221;fade-in-from-left&#8221; border_type=&#8221;simple&#8221; column_border_width=&#8221;none&#8221; column_border_style=&#8221;solid&#8221;]<div class=\"nectar-fancy-ul\" data-list-icon=\"none\" data-animation=\"false\" data-animation-delay=\"0\" data-color=\"accent-color\" data-spacing=\"default\" data-alignment=\"left\"> \n<ul>\n<li>Henkil\u00f6st\u00f6llemme ovat ovet auki my\u00f6s maailmalle, sill\u00e4 olemme toimittaneet koneita kuuteen maanosaan. Siksi etenkin huoltoteht\u00e4viss\u00e4 toimivat henkil\u00f6t ty\u00f6skentelev\u00e4t eritt\u00e4in kansainv\u00e4lisess\u00e4 ymp\u00e4rist\u00f6ss\u00e4. Omia toimipisteit\u00e4mme l\u00f6ytyy kahdeksasta maasta.<\/li>\n<\/ul>\n <\/div>[\/vc_column_inner][vc_column_inner column_padding=&#8221;no-extra-padding&#8221; column_padding_tablet=&#8221;inherit&#8221; column_padding_phone=&#8221;inherit&#8221; column_padding_position=&#8221;all&#8221; column_element_spacing=&#8221;default&#8221; background_color_opacity=&#8221;1&#8243; background_hover_color_opacity=&#8221;1&#8243; column_shadow=&#8221;none&#8221; column_border_radius=&#8221;none&#8221; column_link_target=&#8221;_self&#8221; gradient_direction=&#8221;left_to_right&#8221; overlay_strength=&#8221;0.3&#8243; width=&#8221;1\/3&#8243; tablet_width_inherit=&#8221;default&#8221; bg_image_animation=&#8221;none&#8221; enable_animation=&#8221;true&#8221; animation=&#8221;fade-in-from-left&#8221; border_type=&#8221;simple&#8221; column_border_width=&#8221;none&#8221; column_border_style=&#8221;solid&#8221;]<div class=\"nectar-fancy-ul\" data-list-icon=\"none\" data-animation=\"false\" data-animation-delay=\"0\" data-color=\"accent-color\" data-spacing=\"default\" data-alignment=\"left\"> \n<ul>\n<li>Olemme investoineet viime vuosina merkitt\u00e4v\u00e4sti ty\u00f6ymp\u00e4rist\u00f6\u00f6mme. Esimerkiksi tuotannossa yhti\u00f6ll\u00e4mme on menossa Sahakonetehdas 2020-ohjelma, joka on tuonut tehtaille lis\u00e4\u00e4 automaatiota ja huippulaadukkaita ty\u00f6st\u00f6keskuksia. Kehitysty\u00f6 on parantanut tehokkuuden lis\u00e4ksi ty\u00f6turvallisuutta ja viihtyvyytt\u00e4. Hyv\u00e4st\u00e4 ty\u00f6ymp\u00e4rist\u00f6st\u00e4 kertoo sekin, ett\u00e4 henkil\u00f6t ovat ty\u00f6skennelleet Veistolla l\u00e4hes 30 vuotta.<\/li>\n<\/ul>\n <\/div>[\/vc_column_inner][vc_column_inner column_padding=&#8221;no-extra-padding&#8221; column_padding_tablet=&#8221;inherit&#8221; column_padding_phone=&#8221;inherit&#8221; column_padding_position=&#8221;all&#8221; column_element_spacing=&#8221;default&#8221; background_color_opacity=&#8221;1&#8243; background_hover_color_opacity=&#8221;1&#8243; column_shadow=&#8221;none&#8221; column_border_radius=&#8221;none&#8221; column_link_target=&#8221;_self&#8221; gradient_direction=&#8221;left_to_right&#8221; overlay_strength=&#8221;0.3&#8243; width=&#8221;1\/3&#8243; tablet_width_inherit=&#8221;default&#8221; bg_image_animation=&#8221;none&#8221; enable_animation=&#8221;true&#8221; animation=&#8221;fade-in-from-left&#8221; border_type=&#8221;simple&#8221; column_border_width=&#8221;none&#8221; column_border_style=&#8221;solid&#8221;]<div class=\"nectar-fancy-ul\" data-list-icon=\"none\" data-animation=\"false\" data-animation-delay=\"0\" data-color=\"accent-color\" data-spacing=\"default\" data-alignment=\"left\"> \n<ul>\n<li>Nuorille tarjoamme mielell\u00e4mme mahdollisuuksia oppilaist\u00f6ihin, harjoituspaikkoihin sek\u00e4 TET-harjoitteluun. Opiskelijayhteisty\u00f6st\u00e4 meill\u00e4 kertoo lis\u00e4\u00e4 henkil\u00f6st\u00f6johtajamme Tommi H\u00e4m\u00e4l\u00e4inen: tommi.hamalainen@veisto.com.<\/li>\n<\/ul>\n <\/div>[\/vc_column_inner][\/vc_row_inner][\/vc_column][\/vc_row][vc_row type=&#8221;full_width_background&#8221; full_screen_row_position=&#8221;middle&#8221; column_margin=&#8221;default&#8221; equal_height=&#8221;yes&#8221; content_placement=&#8221;middle&#8221; column_direction=&#8221;default&#8221; column_direction_tablet=&#8221;default&#8221; column_direction_phone=&#8221;default&#8221; bg_color=&#8221;#706f6f&#8221; scene_position=&#8221;center&#8221; top_padding=&#8221;4%&#8221; bottom_padding=&#8221;4%&#8221; text_color=&#8221;dark&#8221; text_align=&#8221;left&#8221; row_border_radius=&#8221;none&#8221; row_border_radius_applies=&#8221;bg&#8221; overlay_strength=&#8221;0.3&#8243; gradient_direction=&#8221;left_to_right&#8221; shape_divider_position=&#8221;bottom&#8221; bg_image_animation=&#8221;none&#8221; shape_type=&#8221;&#8221;][vc_column column_padding=&#8221;no-extra-padding&#8221; column_padding_tablet=&#8221;inherit&#8221; column_padding_phone=&#8221;inherit&#8221; column_padding_position=&#8221;all&#8221; column_element_spacing=&#8221;default&#8221; background_color=&#8221;#706f6f&#8221; background_color_opacity=&#8221;1&#8243; background_hover_color_opacity=&#8221;1&#8243; column_shadow=&#8221;none&#8221; column_border_radius=&#8221;none&#8221; column_link_target=&#8221;_self&#8221; gradient_direction=&#8221;left_to_right&#8221; overlay_strength=&#8221;0.3&#8243; width=&#8221;1\/1&#8243; tablet_width_inherit=&#8221;default&#8221; tablet_text_alignment=&#8221;default&#8221; phone_text_alignment=&#8221;default&#8221; bg_image_animation=&#8221;none&#8221; border_type=&#8221;simple&#8221; column_border_width=&#8221;none&#8221; column_border_style=&#8221;solid&#8221;][vc_custom_heading text=&#8221;Avoimet ty\u00f6paikat&#8221; font_container=&#8221;tag:h2|text_align:center|color:%23ffffff&#8221; use_theme_fonts=&#8221;yes&#8221; css_animation=&#8221;fadeInLeft&#8221;][vc_column_text]<script type=\"text\/javascript\" src=\"https:\/\/web103.reachmee.com\/customerjs\/I019-1280-6.js\"><\/script>[\/vc_column_text][\/vc_column][\/vc_row]\n","protected":false},"excerpt":{"rendered":"<p>[vc_row type=&#8221;full_width_content&#8221; full_screen_row_position=&#8221;middle&#8221; column_margin=&#8221;default&#8221; equal_height=&#8221;yes&#8221; content_placement=&#8221;middle&#8221; column_direction=&#8221;default&#8221; column_direction_tablet=&#8221;default&#8221; column_direction_phone=&#8221;default&#8221; scene_position=&#8221;center&#8221; text_color=&#8221;light&#8221; text_align=&#8221;left&#8221; row_border_radius=&#8221;none&#8221; row_border_radius_applies=&#8221;bg&#8221; overlay_strength=&#8221;0.3&#8243; gradient_direction=&#8221;left_to_right&#8221; shape_divider_position=&#8221;bottom&#8221; bg_image_animation=&#8221;none&#8221; shape_type=&#8221;&#8221;][vc_column column_padding=&#8221;padding-10-percent&#8221; column_padding_tablet=&#8221;inherit&#8221; column_padding_phone=&#8221;inherit&#8221; column_padding_position=&#8221;top-bottom&#8221; column_element_spacing=&#8221;default&#8221; centered_text=&#8221;true&#8221; background_color=&#8221;#000000&#8243; background_color_opacity=&#8221;0.2&#8243; background_hover_color_opacity=&#8221;1&#8243; background_image=&#8221;861&#8243; background_image_position=&#8221;center&#8230;<\/p>\n","protected":false},"author":1,"featured_media":4256,"parent":0,"menu_order":61,"comment_status":"closed","ping_status":"closed","template":"","meta":{"footnotes":"","_links_to":"","_links_to_target":""},"class_list":["post-1476","page","type-page","status-publish","has-post-thumbnail"],"yoast_head":"<!-- This site is optimized with the Yoast SEO plugin v27.4 - https:\/\/yoast.com\/product\/yoast-seo-wordpress\/ -->\n<title>Ty\u00f6paikat - HewSaw<\/title>\n<meta name=\"robots\" content=\"index, follow, max-snippet:-1, max-image-preview:large, max-video-preview:-1\" \/>\n<link rel=\"canonical\" href=\"https:\/\/hewsaw.com\/en-ca\/tyopaikat\" \/>\n<meta property=\"og:locale\" content=\"en_US\" \/>\n<meta property=\"og:type\" content=\"article\" \/>\n<meta property=\"og:title\" content=\"Ty\u00f6paikat - HewSaw\" \/>\n<meta property=\"og:description\" content=\"[vc_row type=&#8221;full_width_content&#8221; full_screen_row_position=&#8221;middle&#8221; column_margin=&#8221;default&#8221; equal_height=&#8221;yes&#8221; content_placement=&#8221;middle&#8221; column_direction=&#8221;default&#8221; column_direction_tablet=&#8221;default&#8221; column_direction_phone=&#8221;default&#8221; scene_position=&#8221;center&#8221; text_color=&#8221;light&#8221; text_align=&#8221;left&#8221; row_border_radius=&#8221;none&#8221; row_border_radius_applies=&#8221;bg&#8221; overlay_strength=&#8221;0.3&#8243; gradient_direction=&#8221;left_to_right&#8221; shape_divider_position=&#8221;bottom&#8221; bg_image_animation=&#8221;none&#8221; shape_type=&#8221;&#8221;][vc_column column_padding=&#8221;padding-10-percent&#8221; column_padding_tablet=&#8221;inherit&#8221; column_padding_phone=&#8221;inherit&#8221; column_padding_position=&#8221;top-bottom&#8221; column_element_spacing=&#8221;default&#8221; centered_text=&#8221;true&#8221; background_color=&#8221;#000000&#8243; background_color_opacity=&#8221;0.2&#8243; background_hover_color_opacity=&#8221;1&#8243; background_image=&#8221;861&#8243; background_image_position=&#8221;center...\" \/>\n<meta property=\"og:url\" content=\"https:\/\/hewsaw.com\/en-ca\/tyopaikat\" \/>\n<meta property=\"og:site_name\" content=\"HewSaw\" \/>\n<meta property=\"article:modified_time\" content=\"2022-03-04T09:50:39+00:00\" \/>\n<meta property=\"og:image\" content=\"https:\/\/hewsaw.com\/wp-content\/uploads\/2021\/01\/We-are-hiring_fb.jpg\" \/>\n\t<meta property=\"og:image:width\" content=\"1200\" \/>\n\t<meta property=\"og:image:height\" content=\"630\" \/>\n\t<meta property=\"og:image:type\" content=\"image\/jpeg\" \/>\n<meta name=\"twitter:card\" content=\"summary_large_image\" \/>\n<meta name=\"twitter:image\" content=\"https:\/\/hewsaw.com\/wp-content\/uploads\/2021\/01\/We-are-hiring_fb.jpg\" \/>\n<meta name=\"twitter:label1\" content=\"Est. reading time\" \/>\n\t<meta name=\"twitter:data1\" content=\"2 minutes\" \/>\n<script type=\"application\/ld+json\" class=\"yoast-schema-graph\">{\"@context\":\"https:\\\/\\\/schema.org\",\"@graph\":[{\"@type\":\"WebPage\",\"@id\":\"https:\\\/\\\/hewsaw.com\\\/en-ca\\\/tyopaikat\",\"url\":\"https:\\\/\\\/hewsaw.com\\\/en-ca\\\/tyopaikat\",\"name\":\"Ty\u00f6paikat - HewSaw\",\"isPartOf\":{\"@id\":\"https:\\\/\\\/hewsaw.com\\\/en-ca#website\"},\"primaryImageOfPage\":{\"@id\":\"https:\\\/\\\/hewsaw.com\\\/en-ca\\\/tyopaikat#primaryimage\"},\"image\":{\"@id\":\"https:\\\/\\\/hewsaw.com\\\/en-ca\\\/tyopaikat#primaryimage\"},\"thumbnailUrl\":\"https:\\\/\\\/hewsaw.com\\\/wp-content\\\/uploads\\\/2021\\\/01\\\/We-are-hiring_fb.jpg\",\"datePublished\":\"2019-10-21T10:09:01+00:00\",\"dateModified\":\"2022-03-04T09:50:39+00:00\",\"breadcrumb\":{\"@id\":\"https:\\\/\\\/hewsaw.com\\\/en-ca\\\/tyopaikat#breadcrumb\"},\"inLanguage\":\"en-CA\",\"potentialAction\":[{\"@type\":\"ReadAction\",\"target\":[\"https:\\\/\\\/hewsaw.com\\\/en-ca\\\/tyopaikat\"]}]},{\"@type\":\"ImageObject\",\"inLanguage\":\"en-CA\",\"@id\":\"https:\\\/\\\/hewsaw.com\\\/en-ca\\\/tyopaikat#primaryimage\",\"url\":\"https:\\\/\\\/hewsaw.com\\\/wp-content\\\/uploads\\\/2021\\\/01\\\/We-are-hiring_fb.jpg\",\"contentUrl\":\"https:\\\/\\\/hewsaw.com\\\/wp-content\\\/uploads\\\/2021\\\/01\\\/We-are-hiring_fb.jpg\",\"width\":1200,\"height\":630,\"caption\":\"we-are-hiring-hewsaw\"},{\"@type\":\"BreadcrumbList\",\"@id\":\"https:\\\/\\\/hewsaw.com\\\/en-ca\\\/tyopaikat#breadcrumb\",\"itemListElement\":[{\"@type\":\"ListItem\",\"position\":1,\"name\":\"Home\",\"item\":\"https:\\\/\\\/hewsaw.com\\\/en-ca\"},{\"@type\":\"ListItem\",\"position\":2,\"name\":\"Ty\u00f6paikat\"}]},{\"@type\":\"WebSite\",\"@id\":\"https:\\\/\\\/hewsaw.com\\\/en-ca#website\",\"url\":\"https:\\\/\\\/hewsaw.com\\\/en-ca\",\"name\":\"HewSaw\",\"description\":\"Sahalinjat\",\"publisher\":{\"@id\":\"https:\\\/\\\/hewsaw.com\\\/en-ca#organization\"},\"potentialAction\":[{\"@type\":\"SearchAction\",\"target\":{\"@type\":\"EntryPoint\",\"urlTemplate\":\"https:\\\/\\\/hewsaw.com\\\/en-ca?s={search_term_string}\"},\"query-input\":{\"@type\":\"PropertyValueSpecification\",\"valueRequired\":true,\"valueName\":\"search_term_string\"}}],\"inLanguage\":\"en-CA\"},{\"@type\":\"Organization\",\"@id\":\"https:\\\/\\\/hewsaw.com\\\/en-ca#organization\",\"name\":\"HewSaw\",\"url\":\"https:\\\/\\\/hewsaw.com\\\/en-ca\",\"logo\":{\"@type\":\"ImageObject\",\"inLanguage\":\"en-CA\",\"@id\":\"https:\\\/\\\/hewsaw.com\\\/en-ca#\\\/schema\\\/logo\\\/image\\\/\",\"url\":\"https:\\\/\\\/hewsaw.com\\\/wp-content\\\/uploads\\\/2020\\\/01\\\/HewSaw-Gray-800.png\",\"contentUrl\":\"https:\\\/\\\/hewsaw.com\\\/wp-content\\\/uploads\\\/2020\\\/01\\\/HewSaw-Gray-800.png\",\"width\":800,\"height\":307,\"caption\":\"HewSaw\"},\"image\":{\"@id\":\"https:\\\/\\\/hewsaw.com\\\/en-ca#\\\/schema\\\/logo\\\/image\\\/\"},\"sameAs\":[\"https:\\\/\\\/www.instagram.com\\\/hewsawworld\\\/\",\"https:\\\/\\\/www.linkedin.com\\\/company\\\/veisto-oy\\\/\",\"https:\\\/\\\/www.youtube.com\\\/channel\\\/UCkud8AivLRav8TIekpdKpSQ\"]}]}<\/script>\n<!-- \/ Yoast SEO plugin. -->","yoast_head_json":{"title":"Ty\u00f6paikat - HewSaw","robots":{"index":"index","follow":"follow","max-snippet":"max-snippet:-1","max-image-preview":"max-image-preview:large","max-video-preview":"max-video-preview:-1"},"canonical":"https:\/\/hewsaw.com\/en-ca\/tyopaikat","og_locale":"en_US","og_type":"article","og_title":"Ty\u00f6paikat - HewSaw","og_description":"[vc_row type=&#8221;full_width_content&#8221; full_screen_row_position=&#8221;middle&#8221; column_margin=&#8221;default&#8221; equal_height=&#8221;yes&#8221; content_placement=&#8221;middle&#8221; column_direction=&#8221;default&#8221; column_direction_tablet=&#8221;default&#8221; column_direction_phone=&#8221;default&#8221; scene_position=&#8221;center&#8221; text_color=&#8221;light&#8221; text_align=&#8221;left&#8221; row_border_radius=&#8221;none&#8221; row_border_radius_applies=&#8221;bg&#8221; overlay_strength=&#8221;0.3&#8243; gradient_direction=&#8221;left_to_right&#8221; shape_divider_position=&#8221;bottom&#8221; bg_image_animation=&#8221;none&#8221; shape_type=&#8221;&#8221;][vc_column column_padding=&#8221;padding-10-percent&#8221; column_padding_tablet=&#8221;inherit&#8221; column_padding_phone=&#8221;inherit&#8221; column_padding_position=&#8221;top-bottom&#8221; column_element_spacing=&#8221;default&#8221; centered_text=&#8221;true&#8221; background_color=&#8221;#000000&#8243; background_color_opacity=&#8221;0.2&#8243; background_hover_color_opacity=&#8221;1&#8243; background_image=&#8221;861&#8243; background_image_position=&#8221;center...","og_url":"https:\/\/hewsaw.com\/en-ca\/tyopaikat","og_site_name":"HewSaw","article_modified_time":"2022-03-04T09:50:39+00:00","og_image":[{"width":1200,"height":630,"url":"https:\/\/hewsaw.com\/wp-content\/uploads\/2021\/01\/We-are-hiring_fb.jpg","type":"image\/jpeg"}],"twitter_card":"summary_large_image","twitter_image":"https:\/\/hewsaw.com\/wp-content\/uploads\/2021\/01\/We-are-hiring_fb.jpg","twitter_misc":{"Est. reading time":"2 minutes"},"schema":{"@context":"https:\/\/schema.org","@graph":[{"@type":"WebPage","@id":"https:\/\/hewsaw.com\/en-ca\/tyopaikat","url":"https:\/\/hewsaw.com\/en-ca\/tyopaikat","name":"Ty\u00f6paikat - HewSaw","isPartOf":{"@id":"https:\/\/hewsaw.com\/en-ca#website"},"primaryImageOfPage":{"@id":"https:\/\/hewsaw.com\/en-ca\/tyopaikat#primaryimage"},"image":{"@id":"https:\/\/hewsaw.com\/en-ca\/tyopaikat#primaryimage"},"thumbnailUrl":"https:\/\/hewsaw.com\/wp-content\/uploads\/2021\/01\/We-are-hiring_fb.jpg","datePublished":"2019-10-21T10:09:01+00:00","dateModified":"2022-03-04T09:50:39+00:00","breadcrumb":{"@id":"https:\/\/hewsaw.com\/en-ca\/tyopaikat#breadcrumb"},"inLanguage":"en-CA","potentialAction":[{"@type":"ReadAction","target":["https:\/\/hewsaw.com\/en-ca\/tyopaikat"]}]},{"@type":"ImageObject","inLanguage":"en-CA","@id":"https:\/\/hewsaw.com\/en-ca\/tyopaikat#primaryimage","url":"https:\/\/hewsaw.com\/wp-content\/uploads\/2021\/01\/We-are-hiring_fb.jpg","contentUrl":"https:\/\/hewsaw.com\/wp-content\/uploads\/2021\/01\/We-are-hiring_fb.jpg","width":1200,"height":630,"caption":"we-are-hiring-hewsaw"},{"@type":"BreadcrumbList","@id":"https:\/\/hewsaw.com\/en-ca\/tyopaikat#breadcrumb","itemListElement":[{"@type":"ListItem","position":1,"name":"Home","item":"https:\/\/hewsaw.com\/en-ca"},{"@type":"ListItem","position":2,"name":"Ty\u00f6paikat"}]},{"@type":"WebSite","@id":"https:\/\/hewsaw.com\/en-ca#website","url":"https:\/\/hewsaw.com\/en-ca","name":"HewSaw","description":"Sahalinjat","publisher":{"@id":"https:\/\/hewsaw.com\/en-ca#organization"},"potentialAction":[{"@type":"SearchAction","target":{"@type":"EntryPoint","urlTemplate":"https:\/\/hewsaw.com\/en-ca?s={search_term_string}"},"query-input":{"@type":"PropertyValueSpecification","valueRequired":true,"valueName":"search_term_string"}}],"inLanguage":"en-CA"},{"@type":"Organization","@id":"https:\/\/hewsaw.com\/en-ca#organization","name":"HewSaw","url":"https:\/\/hewsaw.com\/en-ca","logo":{"@type":"ImageObject","inLanguage":"en-CA","@id":"https:\/\/hewsaw.com\/en-ca#\/schema\/logo\/image\/","url":"https:\/\/hewsaw.com\/wp-content\/uploads\/2020\/01\/HewSaw-Gray-800.png","contentUrl":"https:\/\/hewsaw.com\/wp-content\/uploads\/2020\/01\/HewSaw-Gray-800.png","width":800,"height":307,"caption":"HewSaw"},"image":{"@id":"https:\/\/hewsaw.com\/en-ca#\/schema\/logo\/image\/"},"sameAs":["https:\/\/www.instagram.com\/hewsawworld\/","https:\/\/www.linkedin.com\/company\/veisto-oy\/","https:\/\/www.youtube.com\/channel\/UCkud8AivLRav8TIekpdKpSQ"]}]}},"_links":{"self":[{"href":"https:\/\/hewsaw.com\/en-ca\/wp-json\/wp\/v2\/pages\/1476","targetHints":{"allow":["GET"]}}],"collection":[{"href":"https:\/\/hewsaw.com\/en-ca\/wp-json\/wp\/v2\/pages"}],"about":[{"href":"https:\/\/hewsaw.com\/en-ca\/wp-json\/wp\/v2\/types\/page"}],"author":[{"embeddable":true,"href":"https:\/\/hewsaw.com\/en-ca\/wp-json\/wp\/v2\/users\/1"}],"replies":[{"embeddable":true,"href":"https:\/\/hewsaw.com\/en-ca\/wp-json\/wp\/v2\/comments?post=1476"}],"version-history":[{"count":4,"href":"https:\/\/hewsaw.com\/en-ca\/wp-json\/wp\/v2\/pages\/1476\/revisions"}],"predecessor-version":[{"id":5376,"href":"https:\/\/hewsaw.com\/en-ca\/wp-json\/wp\/v2\/pages\/1476\/revisions\/5376"}],"wp:featuredmedia":[{"embeddable":true,"href":"https:\/\/hewsaw.com\/en-ca\/wp-json\/wp\/v2\/media\/4256"}],"wp:attachment":[{"href":"https:\/\/hewsaw.com\/en-ca\/wp-json\/wp\/v2\/media?parent=1476"}],"curies":[{"name":"wp","href":"https:\/\/api.w.org\/{rel}","templated":true}]}}