{"id":1146,"date":"2019-10-21T13:54:16","date_gmt":"2019-10-21T10:54:16","guid":{"rendered":"https:\/\/hewsaw.com\/tietosuojaseloste"},"modified":"2020-08-14T13:46:57","modified_gmt":"2020-08-14T10:46:57","slug":"datenschutzerklaerung","status":"publish","type":"page","link":"https:\/\/hewsaw.com\/de\/datenschutzerklaerung","title":{"rendered":"Datenschutzerkl\u00e4rung"},"content":{"rendered":"[vc_row type=&#8220;in_container&#8220; full_screen_row_position=&#8220;middle&#8220; column_margin=&#8220;default&#8220; column_direction=&#8220;default&#8220; column_direction_tablet=&#8220;default&#8220; column_direction_phone=&#8220;default&#8220; scene_position=&#8220;center&#8220; text_color=&#8220;dark&#8220; text_align=&#8220;left&#8220; row_border_radius=&#8220;none&#8220; row_border_radius_applies=&#8220;bg&#8220; overlay_strength=&#8220;0.3&#8243; gradient_direction=&#8220;left_to_right&#8220; shape_divider_position=&#8220;bottom&#8220; bg_image_animation=&#8220;none&#8220;][vc_column column_padding=&#8220;padding-8-percent&#8220; column_padding_tablet=&#8220;inherit&#8220; column_padding_phone=&#8220;inherit&#8220; column_padding_position=&#8220;left-right&#8220; background_color_opacity=&#8220;1&#8243; background_hover_color_opacity=&#8220;1&#8243; column_shadow=&#8220;none&#8220; column_border_radius=&#8220;none&#8220; column_link_target=&#8220;_self&#8220; gradient_direction=&#8220;left_to_right&#8220; overlay_strength=&#8220;0.3&#8243; width=&#8220;1\/1&#8243; tablet_width_inherit=&#8220;default&#8220; tablet_text_alignment=&#8220;default&#8220; phone_text_alignment=&#8220;default&#8220; column_border_width=&#8220;none&#8220; column_border_style=&#8220;solid&#8220; bg_image_animation=&#8220;none&#8220;][vc_custom_heading text=&#8220;Datenschutzerkl\u00e4rung und Cookie-Praktiken&#8220; font_container=&#8220;tag:h1|text_align:left&#8220; use_theme_fonts=&#8220;yes&#8220;][divider line_type=&#8220;Full Width Line&#8220; line_thickness=&#8220;1&#8243; divider_color=&#8220;default&#8220; custom_height=&#8220;50&#8243;][vc_column_text]\n<p class=\"p2\"><strong>Registerhalter<\/strong><\/p>\n<p class=\"p3\"><span class=\"s1\"><b>Veisto Oy<\/b><\/span><\/p>\n<p>Yritt\u00e4j\u00e4ntie 1<br \/>\n52700 M\u00e4ntyharju<\/p>\n<p>Lari Oranen<br \/>\n<a href=\"mailto:silja.hytti@veisto.com\">lari.oranen@veisto.com<\/a><\/p>\n<p><a href=\"https:\/\/hewsaw.com\/de\/datenschutzerklaerung\/gdpr-d-fence-2020-suomi-malli-2\" rel=\"attachment wp-att-4123\"><img loading=\"lazy\" decoding=\"async\" class=\"alignnone size-thumbnail wp-image-4123\" src=\"https:\/\/hewsaw.com\/wp-content\/uploads\/2020\/08\/GDPR-D-Fence-2020-Suomi-MALLI-150x150.png\" alt=\"\" width=\"150\" height=\"150\" srcset=\"https:\/\/hewsaw.com\/wp-content\/uploads\/2020\/08\/GDPR-D-Fence-2020-Suomi-MALLI-150x150.png 150w, https:\/\/hewsaw.com\/wp-content\/uploads\/2020\/08\/GDPR-D-Fence-2020-Suomi-MALLI-300x300.png 300w, https:\/\/hewsaw.com\/wp-content\/uploads\/2020\/08\/GDPR-D-Fence-2020-Suomi-MALLI-100x100.png 100w, https:\/\/hewsaw.com\/wp-content\/uploads\/2020\/08\/GDPR-D-Fence-2020-Suomi-MALLI-140x140.png 140w, https:\/\/hewsaw.com\/wp-content\/uploads\/2020\/08\/GDPR-D-Fence-2020-Suomi-MALLI-500x500.png 500w, https:\/\/hewsaw.com\/wp-content\/uploads\/2020\/08\/GDPR-D-Fence-2020-Suomi-MALLI-350x350.png 350w, https:\/\/hewsaw.com\/wp-content\/uploads\/2020\/08\/GDPR-D-Fence-2020-Suomi-MALLI.png 567w\" sizes=\"auto, (max-width: 150px) 100vw, 150px\" \/><\/a>[\/vc_column_text][toggles style=&#8220;default&#8220;][toggle color=&#8220;Default&#8220; title=&#8220;Datenschutzerkl\u00e4rung&#8220;][vc_column_text][\/vc_column_text][vc_column_text]<strong>Datenschutzerkl\u00e4rung f\u00fcr die Internetseiten der Veisto Oy.<\/strong><\/p>\n<p>Letzte Aktualisierung der Datenschutzerkl\u00e4rung: 21.1.2020<\/p>\n<ol>\n<li><strong>Registerhalter<\/strong><br \/>\nVeisto Oy<br \/>\nYritt\u00e4j\u00e4ntie 1<br \/>\n52700 M\u00e4ntyharju<\/li>\n<li><strong>Kontaktperson in den das Register betreffenden Angelegenheiten<\/strong><br \/>\nLari Oranen<br \/>\n<a href=\"mailto:silja.hytti@veisto.com\">lari.oranen@veisto.com<\/a><\/li>\n<li><strong>Name des Registers<\/strong><br \/>\nNutzerregister der Webdienste der Veisto Oy und Verfolgung der Websitebesucher.<\/li>\n<li><strong>Rechtsgrundlage und Zweck der Verarbeitung von personenbezogenen Daten<\/strong><br \/>\nDie Verarbeitung von personenbezogenen Daten basiert auf den Kunden-, Kundendienst- oder Interessegruppenbeziehungen der Veisto Oy. Die Daten werden zur Pflege der Kundenbeziehung sowie zur Verbesserung der Nutzererfahrung des hewsaw.com-Webdienstes genutzt. Personenbezogene Daten werden erfasst, damit die \u00fcber Formulare eingehenden Mitteilungen bei Bedarf beantwortet werden k\u00f6nnen.<\/li>\n<li><strong>Nutzerregister<\/strong><br \/>\nIm Nutzerregister werden die folgenden Daten gespeichert: Name der Person, Firma\/Organisation sowie Kontaktdaten (Telefonnummer, E-Mail-Adresse, Postanschrift).<br \/>\nDie Daten, die im Register gespeichert werden, stammen aus den Mitteilungen, die der Nutzer mit den WWW-Formularen einsendet und in denen der Nutzer seine Daten bereitstellt.<\/li>\n<li><strong>Besucherverfolgung<\/strong><br \/>\nZur Analyse der Besucherdaten nutzen wir den von der Google Inc (\u201eGoogle\u201c) betriebenen Web Analytics Service, der auf unserer Website Cookies verwendet. Informationen \u00fcber die Datenschutzpraxis von Google sind einzusehen unter der Adresse <a href=\"http:\/\/www.google.fi\/policies\/privacy\/\">http:\/\/www.google.fi\/policies\/privacy\/<\/a><\/li>\n<li><strong>Cookies<\/strong> werden auf den Webseiten u.\u00a0a. zur technischen \u00dcbertragung der Daten verwendet, und zwar zum Zweck der Erleichterung der Nutzung des Dienstes. Diese Funktion wird nicht zum Sammeln von personenbezogenen Daten benutzt. \u00dcber die Nutzung des Dienstes k\u00f6nnen au\u00dferdem statische Daten erfasst werden, zum Beispiel \u00fcber die Nutzerzahlen, die beliebtesten Seiten, die Ein- und Ausstiegsseiten etc. Wenn Sie nicht damit einverstanden sind, dass Ihre Daten mittels Cookies erfasst werden, k\u00f6nnen Sie in den Einstellungen Ihres Webbrowsers die Cookies verbieten.\u00a0Durch die Deaktivierung von Cookies kann jedoch die Funktion von Webseiten beeintr\u00e4chtigt werden, und wir k\u00f6nnen dann nicht garantieren, dass unsere Webseiten ordnungsgem\u00e4\u00df funktionieren.<br \/>\nAuf der Website befindet sich so genannte <strong>Social Media<\/strong> <strong>Plugins <\/strong>von Drittparteien, d. h. von Youtube und Instagram, zur sozialen Erweiterung. Auf die Anwendungen dieser Drittparteien finden die Gesch\u00e4ftsbedingungen der jeweiligen Drittpartei Anwendung.<\/li>\n<li><strong>Vorschriftsgem\u00e4\u00dfe \u00dcbertragung von Daten<br \/>\n<\/strong>Datenschutzerkl\u00e4rung<br \/>\nVeisto Oy<br \/>\nYritt\u00e4j\u00e4ntie 1<br \/>\n52700<br \/>\nM\u00e4ntyharju<br \/>\nvorname.nachname@veisto.com<br \/>\n0276368-5<br \/>\nwww.hewsaw.com<br \/>\nIn der Regel werden personenbezogene Daten nicht an Empf\u00e4nger au\u00dferhalb unseres Unternehmens weitergegeben, aber eine Weitergabe der pers\u00f6nlichen Daten kann in den Grenzen erfolgen, wie es die in Kraft befindlichen gesetzlichen Bestimmungen erlauben oder gebieten. Personenbezogene Daten werden vom Registerhalter ohne besondere Erlaubnis auch nicht an Empf\u00e4nger au\u00dferhalb der EU oder des EWR weitergegeben oder \u00fcbermittelt.<\/li>\n<li><strong>Prinzipien des Registerschutzes und Dauer der Datenspeicherung<br \/>\n<\/strong>Der Schutz der technischen Anlagen wird gem\u00e4\u00df den Datensicherheitsanweisungen der Veisto Oy verwirklicht. Als Registerhalter tr\u00e4gt Veisto daf\u00fcr Sorge, dass die gesammelten Daten stets vertraulich und nur von denjenigen Mitarbeitern verarbeitet werden, die mit dieser Aufgabe betraut sind. Veraltete und unn\u00f6tig gewordene Daten werden in sachgem\u00e4\u00dfer Weise gel\u00f6scht. Personenbezogene Daten bleiben nur so lange gespeichert, wie dies f\u00fcr den Zweck der Verarbeitung der personenbezogenen Daten erforderlich ist.<\/li>\n<li><strong>Rechte des Registrierten<\/strong><br \/>\nJede in unserem Register registrierte Person hat das Recht, die \u00fcber ihn gespeicherten Daten zu \u00fcberpr\u00fcfen und die Berichtigung von eventuellen fehlerhaften Angaben bzw. die Vervollst\u00e4ndigung von l\u00fcckenhaften Angaben zu verlangen. Au\u00dferdem haben die Registrierten das Recht, die L\u00f6schung der sie betreffenden pers\u00f6nlichen Daten aus dem Register zu verlangen. Dar\u00fcber hinaus besteht ein Beschwerderecht bei einer Datenschutzaufsichtsbeh\u00f6rde, falls die registrierte Person der Ansicht ist, dass der Registerhalter in seiner T\u00e4tigkeit gegen die anzuwendenden Datenschutzbestimmungen versto\u00dfen hat. In Finnland fungiert als Aufsichtsbeh\u00f6rde das B\u00fcro des Datenschutzbeauftragten (Tietosuojavaltuutetun toimisto, tietosuoja@om.fi). Als Registerhalter beantwortet die Veisto Oy die an sie gerichteten Ersuchen in der Frist, die von der Datenschutz-Grundverordnung der EU vorgeschrieben ist, also in der Regel binnen eines Monats. Diesbez\u00fcgliche Ersuchen sind zu richten an:<br \/>\nVeisto Oy<br \/>\nYritt\u00e4j\u00e4ntie 1<br \/>\nFI-52700 M\u00e4ntyharju<br \/>\n<a href=\"mailto:silja.hytti@veisto.com\">lari.oranen@veisto.com<\/a><\/li>\n<\/ol>\n[\/vc_column_text][\/toggle][\/toggles][\/vc_column][\/vc_row]\n","protected":false},"excerpt":{"rendered":"<p>[vc_row type=&#8220;in_container&#8220; full_screen_row_position=&#8220;middle&#8220; column_margin=&#8220;default&#8220; column_direction=&#8220;default&#8220; column_direction_tablet=&#8220;default&#8220; column_direction_phone=&#8220;default&#8220; scene_position=&#8220;center&#8220; text_color=&#8220;dark&#8220; text_align=&#8220;left&#8220; row_border_radius=&#8220;none&#8220; row_border_radius_applies=&#8220;bg&#8220; overlay_strength=&#8220;0.3&#8243; gradient_direction=&#8220;left_to_right&#8220; shape_divider_position=&#8220;bottom&#8220; bg_image_animation=&#8220;none&#8220;][vc_column column_padding=&#8220;padding-8-percent&#8220; column_padding_tablet=&#8220;inherit&#8220; column_padding_phone=&#8220;inherit&#8220; column_padding_position=&#8220;left-right&#8220; background_color_opacity=&#8220;1&#8243; background_hover_color_opacity=&#8220;1&#8243; column_shadow=&#8220;none&#8220; column_border_radius=&#8220;none&#8220; column_link_target=&#8220;_self&#8220; gradient_direction=&#8220;left_to_right&#8220; overlay_strength=&#8220;0.3&#8243; width=&#8220;1\/1&#8243; tablet_width_inherit=&#8220;default&#8220; tablet_text_alignment=&#8220;default&#8220;&#8230;<\/p>\n","protected":false},"author":1,"featured_media":0,"parent":0,"menu_order":51,"comment_status":"closed","ping_status":"closed","template":"","meta":{"footnotes":"","_links_to":"","_links_to_target":""},"class_list":["post-1146","page","type-page","status-publish"],"yoast_head":"<!-- This site is optimized with the Yoast SEO plugin v27.3 - https:\/\/yoast.com\/product\/yoast-seo-wordpress\/ -->\n<title>Datenschutzerkl\u00e4rung - HewSaw<\/title>\n<meta name=\"robots\" content=\"index, follow, max-snippet:-1, max-image-preview:large, max-video-preview:-1\" \/>\n<link rel=\"canonical\" href=\"https:\/\/hewsaw.com\/de\/datenschutzerklaerung\" \/>\n<meta property=\"og:locale\" content=\"de_DE\" \/>\n<meta property=\"og:type\" content=\"article\" \/>\n<meta property=\"og:title\" content=\"Datenschutzerkl\u00e4rung - HewSaw\" \/>\n<meta property=\"og:description\" content=\"[vc_row type=&#8220;in_container&#8220; full_screen_row_position=&#8220;middle&#8220; column_margin=&#8220;default&#8220; column_direction=&#8220;default&#8220; column_direction_tablet=&#8220;default&#8220; column_direction_phone=&#8220;default&#8220; scene_position=&#8220;center&#8220; text_color=&#8220;dark&#8220; text_align=&#8220;left&#8220; row_border_radius=&#8220;none&#8220; row_border_radius_applies=&#8220;bg&#8220; overlay_strength=&#8220;0.3&#8243; gradient_direction=&#8220;left_to_right&#8220; shape_divider_position=&#8220;bottom&#8220; bg_image_animation=&#8220;none&#8220;][vc_column column_padding=&#8220;padding-8-percent&#8220; column_padding_tablet=&#8220;inherit&#8220; column_padding_phone=&#8220;inherit&#8220; column_padding_position=&#8220;left-right&#8220; background_color_opacity=&#8220;1&#8243; background_hover_color_opacity=&#8220;1&#8243; column_shadow=&#8220;none&#8220; column_border_radius=&#8220;none&#8220; column_link_target=&#8220;_self&#8220; gradient_direction=&#8220;left_to_right&#8220; overlay_strength=&#8220;0.3&#8243; width=&#8220;1\/1&#8243; tablet_width_inherit=&#8220;default&#8220; tablet_text_alignment=&#8220;default&#8220;...\" \/>\n<meta property=\"og:url\" content=\"https:\/\/hewsaw.com\/de\/datenschutzerklaerung\" \/>\n<meta property=\"og:site_name\" content=\"HewSaw\" \/>\n<meta property=\"article:modified_time\" content=\"2020-08-14T10:46:57+00:00\" \/>\n<meta property=\"og:image\" content=\"https:\/\/hewsaw.com\/wp-content\/uploads\/2020\/08\/GDPR-D-Fence-2020-Suomi-MALLI-150x150.png\" \/>\n<meta name=\"twitter:card\" content=\"summary_large_image\" \/>\n<meta name=\"twitter:label1\" content=\"Gesch\u00e4tzte Lesezeit\" \/>\n\t<meta name=\"twitter:data1\" content=\"4\u00a0Minuten\" \/>\n<script type=\"application\/ld+json\" class=\"yoast-schema-graph\">{\"@context\":\"https:\\\/\\\/schema.org\",\"@graph\":[{\"@type\":\"WebPage\",\"@id\":\"https:\\\/\\\/hewsaw.com\\\/de\\\/datenschutzerklaerung\",\"url\":\"https:\\\/\\\/hewsaw.com\\\/de\\\/datenschutzerklaerung\",\"name\":\"Datenschutzerkl\u00e4rung - HewSaw\",\"isPartOf\":{\"@id\":\"https:\\\/\\\/hewsaw.com\\\/de#website\"},\"primaryImageOfPage\":{\"@id\":\"https:\\\/\\\/hewsaw.com\\\/de\\\/datenschutzerklaerung#primaryimage\"},\"image\":{\"@id\":\"https:\\\/\\\/hewsaw.com\\\/de\\\/datenschutzerklaerung#primaryimage\"},\"thumbnailUrl\":\"https:\\\/\\\/hewsaw.com\\\/wp-content\\\/uploads\\\/2020\\\/08\\\/GDPR-D-Fence-2020-Suomi-MALLI-150x150.png\",\"datePublished\":\"2019-10-21T10:54:16+00:00\",\"dateModified\":\"2020-08-14T10:46:57+00:00\",\"breadcrumb\":{\"@id\":\"https:\\\/\\\/hewsaw.com\\\/de\\\/datenschutzerklaerung#breadcrumb\"},\"inLanguage\":\"de\",\"potentialAction\":[{\"@type\":\"ReadAction\",\"target\":[\"https:\\\/\\\/hewsaw.com\\\/de\\\/datenschutzerklaerung\"]}]},{\"@type\":\"ImageObject\",\"inLanguage\":\"de\",\"@id\":\"https:\\\/\\\/hewsaw.com\\\/de\\\/datenschutzerklaerung#primaryimage\",\"url\":\"https:\\\/\\\/hewsaw.com\\\/wp-content\\\/uploads\\\/2020\\\/08\\\/GDPR-D-Fence-2020-Suomi-MALLI-150x150.png\",\"contentUrl\":\"https:\\\/\\\/hewsaw.com\\\/wp-content\\\/uploads\\\/2020\\\/08\\\/GDPR-D-Fence-2020-Suomi-MALLI-150x150.png\"},{\"@type\":\"BreadcrumbList\",\"@id\":\"https:\\\/\\\/hewsaw.com\\\/de\\\/datenschutzerklaerung#breadcrumb\",\"itemListElement\":[{\"@type\":\"ListItem\",\"position\":1,\"name\":\"Home\",\"item\":\"https:\\\/\\\/hewsaw.com\\\/de\"},{\"@type\":\"ListItem\",\"position\":2,\"name\":\"Datenschutzerkl\u00e4rung\"}]},{\"@type\":\"WebSite\",\"@id\":\"https:\\\/\\\/hewsaw.com\\\/de#website\",\"url\":\"https:\\\/\\\/hewsaw.com\\\/de\",\"name\":\"HewSaw\",\"description\":\"Sahalinjat\",\"publisher\":{\"@id\":\"https:\\\/\\\/hewsaw.com\\\/de#organization\"},\"potentialAction\":[{\"@type\":\"SearchAction\",\"target\":{\"@type\":\"EntryPoint\",\"urlTemplate\":\"https:\\\/\\\/hewsaw.com\\\/de?s={search_term_string}\"},\"query-input\":{\"@type\":\"PropertyValueSpecification\",\"valueRequired\":true,\"valueName\":\"search_term_string\"}}],\"inLanguage\":\"de\"},{\"@type\":\"Organization\",\"@id\":\"https:\\\/\\\/hewsaw.com\\\/de#organization\",\"name\":\"HewSaw\",\"url\":\"https:\\\/\\\/hewsaw.com\\\/de\",\"logo\":{\"@type\":\"ImageObject\",\"inLanguage\":\"de\",\"@id\":\"https:\\\/\\\/hewsaw.com\\\/de#\\\/schema\\\/logo\\\/image\\\/\",\"url\":\"https:\\\/\\\/hewsaw.com\\\/wp-content\\\/uploads\\\/2020\\\/01\\\/HewSaw-Gray-800.png\",\"contentUrl\":\"https:\\\/\\\/hewsaw.com\\\/wp-content\\\/uploads\\\/2020\\\/01\\\/HewSaw-Gray-800.png\",\"width\":800,\"height\":307,\"caption\":\"HewSaw\"},\"image\":{\"@id\":\"https:\\\/\\\/hewsaw.com\\\/de#\\\/schema\\\/logo\\\/image\\\/\"},\"sameAs\":[\"https:\\\/\\\/www.instagram.com\\\/hewsawworld\\\/\",\"https:\\\/\\\/www.linkedin.com\\\/company\\\/veisto-oy\\\/\",\"https:\\\/\\\/www.youtube.com\\\/channel\\\/UCkud8AivLRav8TIekpdKpSQ\"]}]}<\/script>\n<!-- \/ Yoast SEO plugin. -->","yoast_head_json":{"title":"Datenschutzerkl\u00e4rung - HewSaw","robots":{"index":"index","follow":"follow","max-snippet":"max-snippet:-1","max-image-preview":"max-image-preview:large","max-video-preview":"max-video-preview:-1"},"canonical":"https:\/\/hewsaw.com\/de\/datenschutzerklaerung","og_locale":"de_DE","og_type":"article","og_title":"Datenschutzerkl\u00e4rung - HewSaw","og_description":"[vc_row type=&#8220;in_container&#8220; full_screen_row_position=&#8220;middle&#8220; column_margin=&#8220;default&#8220; column_direction=&#8220;default&#8220; column_direction_tablet=&#8220;default&#8220; column_direction_phone=&#8220;default&#8220; scene_position=&#8220;center&#8220; text_color=&#8220;dark&#8220; text_align=&#8220;left&#8220; row_border_radius=&#8220;none&#8220; row_border_radius_applies=&#8220;bg&#8220; overlay_strength=&#8220;0.3&#8243; gradient_direction=&#8220;left_to_right&#8220; shape_divider_position=&#8220;bottom&#8220; bg_image_animation=&#8220;none&#8220;][vc_column column_padding=&#8220;padding-8-percent&#8220; column_padding_tablet=&#8220;inherit&#8220; column_padding_phone=&#8220;inherit&#8220; column_padding_position=&#8220;left-right&#8220; background_color_opacity=&#8220;1&#8243; background_hover_color_opacity=&#8220;1&#8243; column_shadow=&#8220;none&#8220; column_border_radius=&#8220;none&#8220; column_link_target=&#8220;_self&#8220; gradient_direction=&#8220;left_to_right&#8220; overlay_strength=&#8220;0.3&#8243; width=&#8220;1\/1&#8243; tablet_width_inherit=&#8220;default&#8220; tablet_text_alignment=&#8220;default&#8220;...","og_url":"https:\/\/hewsaw.com\/de\/datenschutzerklaerung","og_site_name":"HewSaw","article_modified_time":"2020-08-14T10:46:57+00:00","og_image":[{"url":"https:\/\/hewsaw.com\/wp-content\/uploads\/2020\/08\/GDPR-D-Fence-2020-Suomi-MALLI-150x150.png","type":"","width":"","height":""}],"twitter_card":"summary_large_image","twitter_misc":{"Gesch\u00e4tzte Lesezeit":"4\u00a0Minuten"},"schema":{"@context":"https:\/\/schema.org","@graph":[{"@type":"WebPage","@id":"https:\/\/hewsaw.com\/de\/datenschutzerklaerung","url":"https:\/\/hewsaw.com\/de\/datenschutzerklaerung","name":"Datenschutzerkl\u00e4rung - HewSaw","isPartOf":{"@id":"https:\/\/hewsaw.com\/de#website"},"primaryImageOfPage":{"@id":"https:\/\/hewsaw.com\/de\/datenschutzerklaerung#primaryimage"},"image":{"@id":"https:\/\/hewsaw.com\/de\/datenschutzerklaerung#primaryimage"},"thumbnailUrl":"https:\/\/hewsaw.com\/wp-content\/uploads\/2020\/08\/GDPR-D-Fence-2020-Suomi-MALLI-150x150.png","datePublished":"2019-10-21T10:54:16+00:00","dateModified":"2020-08-14T10:46:57+00:00","breadcrumb":{"@id":"https:\/\/hewsaw.com\/de\/datenschutzerklaerung#breadcrumb"},"inLanguage":"de","potentialAction":[{"@type":"ReadAction","target":["https:\/\/hewsaw.com\/de\/datenschutzerklaerung"]}]},{"@type":"ImageObject","inLanguage":"de","@id":"https:\/\/hewsaw.com\/de\/datenschutzerklaerung#primaryimage","url":"https:\/\/hewsaw.com\/wp-content\/uploads\/2020\/08\/GDPR-D-Fence-2020-Suomi-MALLI-150x150.png","contentUrl":"https:\/\/hewsaw.com\/wp-content\/uploads\/2020\/08\/GDPR-D-Fence-2020-Suomi-MALLI-150x150.png"},{"@type":"BreadcrumbList","@id":"https:\/\/hewsaw.com\/de\/datenschutzerklaerung#breadcrumb","itemListElement":[{"@type":"ListItem","position":1,"name":"Home","item":"https:\/\/hewsaw.com\/de"},{"@type":"ListItem","position":2,"name":"Datenschutzerkl\u00e4rung"}]},{"@type":"WebSite","@id":"https:\/\/hewsaw.com\/de#website","url":"https:\/\/hewsaw.com\/de","name":"HewSaw","description":"Sahalinjat","publisher":{"@id":"https:\/\/hewsaw.com\/de#organization"},"potentialAction":[{"@type":"SearchAction","target":{"@type":"EntryPoint","urlTemplate":"https:\/\/hewsaw.com\/de?s={search_term_string}"},"query-input":{"@type":"PropertyValueSpecification","valueRequired":true,"valueName":"search_term_string"}}],"inLanguage":"de"},{"@type":"Organization","@id":"https:\/\/hewsaw.com\/de#organization","name":"HewSaw","url":"https:\/\/hewsaw.com\/de","logo":{"@type":"ImageObject","inLanguage":"de","@id":"https:\/\/hewsaw.com\/de#\/schema\/logo\/image\/","url":"https:\/\/hewsaw.com\/wp-content\/uploads\/2020\/01\/HewSaw-Gray-800.png","contentUrl":"https:\/\/hewsaw.com\/wp-content\/uploads\/2020\/01\/HewSaw-Gray-800.png","width":800,"height":307,"caption":"HewSaw"},"image":{"@id":"https:\/\/hewsaw.com\/de#\/schema\/logo\/image\/"},"sameAs":["https:\/\/www.instagram.com\/hewsawworld\/","https:\/\/www.linkedin.com\/company\/veisto-oy\/","https:\/\/www.youtube.com\/channel\/UCkud8AivLRav8TIekpdKpSQ"]}]}},"_links":{"self":[{"href":"https:\/\/hewsaw.com\/de\/wp-json\/wp\/v2\/pages\/1146","targetHints":{"allow":["GET"]}}],"collection":[{"href":"https:\/\/hewsaw.com\/de\/wp-json\/wp\/v2\/pages"}],"about":[{"href":"https:\/\/hewsaw.com\/de\/wp-json\/wp\/v2\/types\/page"}],"author":[{"embeddable":true,"href":"https:\/\/hewsaw.com\/de\/wp-json\/wp\/v2\/users\/1"}],"replies":[{"embeddable":true,"href":"https:\/\/hewsaw.com\/de\/wp-json\/wp\/v2\/comments?post=1146"}],"version-history":[{"count":5,"href":"https:\/\/hewsaw.com\/de\/wp-json\/wp\/v2\/pages\/1146\/revisions"}],"predecessor-version":[{"id":4148,"href":"https:\/\/hewsaw.com\/de\/wp-json\/wp\/v2\/pages\/1146\/revisions\/4148"}],"wp:attachment":[{"href":"https:\/\/hewsaw.com\/de\/wp-json\/wp\/v2\/media?parent=1146"}],"curies":[{"name":"wp","href":"https:\/\/api.w.org\/{rel}","templated":true}]}}